{"id":4376,"date":"2018-05-30T13:26:36","date_gmt":"2018-05-30T13:26:36","guid":{"rendered":"http:\/\/oliveirobra.dotpro.pt\/novo\/cubre\/"},"modified":"2019-02-21T11:24:59","modified_gmt":"2019-02-21T11:24:59","slug":"coberturas","status":"publish","type":"page","link":"https:\/\/oliveirobra.pt\/es\/coberturas\/","title":{"rendered":"Coberturas"},"content":{"rendered":"<div class=\"wpb-content-wrapper\"><p>[vc_row][vc_column][vc_column_text css_animation=\u00bbfadeInUp\u00bb]Realizamos recubrimientos met\u00e1licos en fachadas y techos de edificios industriales, comerciales y residenciales. Tambi\u00e9n dise\u00f1amos otros productos con el fin de hacer m\u00e1s amplia nuestra oferta: hoja de perfil, corrugado, teja de imitaci\u00f3n, etc.[\/vc_column_text][\/vc_column][\/vc_row][vc_row][vc_column]<style type=\"text\/css\" data-type=\"the7_shortcodes-inline-css\">.gallery-carousel-shortcode.gallery-carousel-shortcode-id-6d43cff25717b661f3064a92700c2fc0.owl-carousel .owl-nav div {\n  width: 36px;\n  height: 36px;\n  border-radius: 500px;\n}\n.dt-arrow-border-on.gallery-carousel-shortcode.gallery-carousel-shortcode-id-6d43cff25717b661f3064a92700c2fc0.owl-carousel .owl-nav div:not(:hover):before {\n  border-width: 0px;\n}\n.dt-arrow-hover-border-on.gallery-carousel-shortcode.gallery-carousel-shortcode-id-6d43cff25717b661f3064a92700c2fc0.owl-carousel .owl-nav div:hover:after {\n  border-width: 0px;\n}\n.gallery-carousel-shortcode.gallery-carousel-shortcode-id-6d43cff25717b661f3064a92700c2fc0.owl-carousel .owl-nav div.owl-prev {\n  top: 50%;\n  transform: translateY(calc(-50% + 0px));\n  left: -43px;\n}\n@media all and (-ms-high-contrast: none) {\n  .gallery-carousel-shortcode.gallery-carousel-shortcode-id-6d43cff25717b661f3064a92700c2fc0.owl-carousel .owl-nav div.owl-prev {\n    transform: translateY(-50%);\n    margin-top: 0px;\n  }\n}\n.gallery-carousel-shortcode.gallery-carousel-shortcode-id-6d43cff25717b661f3064a92700c2fc0.owl-carousel .owl-nav div.owl-prev i {\n  padding: 0px 0px 0px 0px;\n}\n.gallery-carousel-shortcode.gallery-carousel-shortcode-id-6d43cff25717b661f3064a92700c2fc0.owl-carousel .owl-nav div.owl-next {\n  top: 50%;\n  transform: translateY(calc(-50% + 0px));\n  right: -43px;\n}\n@media all and (-ms-high-contrast: none) {\n  .gallery-carousel-shortcode.gallery-carousel-shortcode-id-6d43cff25717b661f3064a92700c2fc0.owl-carousel .owl-nav div.owl-next {\n    transform: translateY(-50%);\n    margin-top: 0px;\n  }\n}\n.gallery-carousel-shortcode.gallery-carousel-shortcode-id-6d43cff25717b661f3064a92700c2fc0.owl-carousel .owl-nav div.owl-next i {\n  padding: 0px 0px 0px 0px;\n}\n.gallery-carousel-shortcode.gallery-carousel-shortcode-id-6d43cff25717b661f3064a92700c2fc0.owl-carousel .owl-nav i {\n  font-size: 18px;\n}\n.gallery-carousel-shortcode.gallery-carousel-shortcode-id-6d43cff25717b661f3064a92700c2fc0.owl-carousel .owl-nav div:not(:hover) i,\n.gallery-carousel-shortcode.gallery-carousel-shortcode-id-6d43cff25717b661f3064a92700c2fc0.owl-carousel .owl-nav div:not(:hover) i:before {\n  color: #ffffff;\n  background: none;\n}\n.gallery-carousel-shortcode.gallery-carousel-shortcode-id-6d43cff25717b661f3064a92700c2fc0.owl-carousel .owl-nav div:hover i,\n.gallery-carousel-shortcode.gallery-carousel-shortcode-id-6d43cff25717b661f3064a92700c2fc0.owl-carousel .owl-nav div:hover i:before {\n  color: rgba(255,255,255,0.75);\n  background: none;\n}\n.gallery-carousel-shortcode.gallery-carousel-shortcode-id-6d43cff25717b661f3064a92700c2fc0 .owl-dots {\n  top: calc(100% + 20px);\n  left: 50%;\n  transform: translateX(calc(-50% + 0px));\n}\n@media all and (-ms-high-contrast: none) {\n  .gallery-carousel-shortcode.gallery-carousel-shortcode-id-6d43cff25717b661f3064a92700c2fc0 .owl-dots {\n    transform: translateX(-50%);\n    margin-left: 0px;\n  }\n}\n.gallery-carousel-shortcode.gallery-carousel-shortcode-id-6d43cff25717b661f3064a92700c2fc0 .owl-dot {\n  width: 10px;\n  height: 10px;\n  margin: 0 8px;\n}\n@media screen and (max-width: 778px) {\n  .gallery-carousel-shortcode.gallery-carousel-shortcode-id-6d43cff25717b661f3064a92700c2fc0.hide-arrows .owl-nav a {\n    display: none;\n  }\n}\n@media screen and (max-width: 778px) {\n  .gallery-carousel-shortcode.gallery-carousel-shortcode-id-6d43cff25717b661f3064a92700c2fc0.reposition-arrows .owl-nav div.owl-prev {\n    top: 50%;\n    transform: translateY(calc(-50% + 0px));\n    left: 10px;\n  }\n  .gallery-carousel-shortcode.gallery-carousel-shortcode-id-6d43cff25717b661f3064a92700c2fc0.reposition-arrows .owl-nav div.owl-next {\n    top: 50%;\n    transform: translateY(calc(-50% + 0px));\n    right: 10px;\n  }\n}\n@media screen and (max-width: 778px) and all and (-ms-high-contrast: none) {\n  .gallery-carousel-shortcode.gallery-carousel-shortcode-id-6d43cff25717b661f3064a92700c2fc0.reposition-arrows .owl-nav div.owl-prev {\n    transform: translateY(-50%);\n    margin-top: 0px;\n  }\n}\n@media screen and (max-width: 778px) and all and (-ms-high-contrast: none) {\n  .gallery-carousel-shortcode.gallery-carousel-shortcode-id-6d43cff25717b661f3064a92700c2fc0.reposition-arrows .owl-nav div.owl-next {\n    transform: translateY(-50%);\n    margin-top: 0px;\n  }\n}\n.gallery-carousel-shortcode.gallery-carousel-shortcode-id-6d43cff25717b661f3064a92700c2fc0 figure,\n.gallery-carousel-shortcode.gallery-carousel-shortcode-id-6d43cff25717b661f3064a92700c2fc0 .rollover,\n.gallery-carousel-shortcode.gallery-carousel-shortcode-id-6d43cff25717b661f3064a92700c2fc0 img,\n.gallery-carousel-shortcode.gallery-carousel-shortcode-id-6d43cff25717b661f3064a92700c2fc0 .gallery-rollover {\n  border-radius: 0px;\n}\n.gallery-carousel-shortcode.gallery-carousel-shortcode-id-6d43cff25717b661f3064a92700c2fc0.enable-bg-rollover .gallery-rollover {\n  background: -webkit-linear-gradient();\n  background: linear-gradient();\n}\n.gallery-carousel-shortcode.gallery-carousel-shortcode-id-6d43cff25717b661f3064a92700c2fc0.enable-img-shadow .owl-stage-outer {\n  padding: 14px 0;\n}\n.gallery-carousel-shortcode.gallery-carousel-shortcode-id-6d43cff25717b661f3064a92700c2fc0.enable-bg-rollover.hover-scale figure .rollover:after {\n  background: -webkit-linear-gradient();\n  background: linear-gradient();\n}\n.gallery-carousel-shortcode.gallery-carousel-shortcode-id-6d43cff25717b661f3064a92700c2fc0.gallery-shortcode .gallery-zoom-ico {\n  width: 44px;\n  height: 44px;\n  line-height: 44px;\n  border-radius: 100px;\n  margin: -22px 0 0 -22px;\n  border-width: 0px;\n}\n.dt-icon-bg-on.gallery-carousel-shortcode.gallery-carousel-shortcode-id-6d43cff25717b661f3064a92700c2fc0.gallery-shortcode .gallery-zoom-ico {\n  background: rgba(255,255,255,0.3);\n  box-shadow: none;\n}\n.gallery-carousel-shortcode.gallery-carousel-shortcode-id-6d43cff25717b661f3064a92700c2fc0.gallery-shortcode .gallery-zoom-ico:before,\n.gallery-carousel-shortcode.gallery-carousel-shortcode-id-6d43cff25717b661f3064a92700c2fc0.gallery-shortcode .gallery-zoom-ico span {\n  font-size: 32px;\n  line-height: 44px;\n  color: #ffffff;\n  background: none;\n}<\/style><div class=\"owl-carousel gallery-carousel-shortcode gallery-shortcode  dt-gallery-container dt-owl-carousel-call gallery-carousel-shortcode-id-6d43cff25717b661f3064a92700c2fc0 quick-scale-img enable-bg-rollover meta-info-off dt-arrow-border-on dt-arrow-hover-border-on bullets-small-dot-stroke reposition-arrows dt-icon-bg-off arrows-bg-on disable-arrows-hover-bg arrows-hover-bg-on  hover-fade \" data-scroll-mode=\"1\" data-col-num=\"6\" data-wide-col-num=\"6\" data-laptop-col=\"5\" data-h-tablet-columns-num=\"4\" data-v-tablet-columns-num=\"3\" data-phone-columns-num=\"1\" data-col-gap=\"10\" data-stage-padding=\"0\" data-speed=\"600\" data-autoplay=\"false\" data-autoplay_speed=\"6000\" data-arrows=\"true\" data-bullet=\"false\" data-next-icon=\"icon-ar-017-r\" data-prev-icon=\"icon-ar-017-l\" data-img-shadow-size=\"12px\" data-img-shadow-spread=\"3px\"><div data-post-id=\"5174\" data-date=\"2019-02-14T10:43:49+00:00\" data-name=\"20190206_112747\"><figure class=\"post\"><a href=\"https:\/\/oliveirobra.pt\/wp-content\/uploads\/2019\/02\/20190206_112747.jpg\" class=\"rollover dt-pswp-item layzr-bg\" data-large_image_width=\"1600\" data-large_image_height=\"1200\" data-dt-img-description=\"\" title=\"20190206_112747\"><img fetchpriority=\"high\" decoding=\"async\" class=\"preload-me owl-lazy-load aspect\" src=\"data:image\/svg+xml,%3Csvg%20xmlns%3D&#39;http%3A%2F%2Fwww.w3.org%2F2000%2Fsvg&#39;%20viewBox%3D&#39;0%200%201200%201200&#39;%2F%3E\" data-src=\"https:\/\/oliveirobra.pt\/wp-content\/uploads\/2019\/02\/20190206_112747-1200x1200.jpg\" data-srcset=\"https:\/\/oliveirobra.pt\/wp-content\/uploads\/2019\/02\/20190206_112747-1200x1200.jpg 1200w\" loading=\"eager\" style=\"--ratio: 1200 \/ 1200\" sizes=\"(max-width: 1200px) 100vw, 1200px\" alt=\"\" width=\"1200\" height=\"1200\"  \/><span class=\"gallery-rollover\"><span class=\"gallery-zoom-ico icomoon-the7-font-the7-zoom-06\"><span><\/span><\/span><\/span><\/a><\/figure><\/div><div data-post-id=\"5091\" data-date=\"2019-02-08T15:17:41+00:00\" data-name=\"DSC01536\"><figure class=\"post\"><a href=\"https:\/\/oliveirobra.pt\/wp-content\/uploads\/2018\/11\/DSC01536.jpg\" class=\"rollover dt-pswp-item layzr-bg\" data-large_image_width=\"1600\" data-large_image_height=\"1200\" data-dt-img-description=\"\" title=\"DSC01536\"><img decoding=\"async\" class=\"preload-me owl-lazy-load aspect\" src=\"data:image\/svg+xml,%3Csvg%20xmlns%3D&#39;http%3A%2F%2Fwww.w3.org%2F2000%2Fsvg&#39;%20viewBox%3D&#39;0%200%201200%201200&#39;%2F%3E\" data-src=\"https:\/\/oliveirobra.pt\/wp-content\/uploads\/2018\/11\/DSC01536-1200x1200.jpg\" data-srcset=\"https:\/\/oliveirobra.pt\/wp-content\/uploads\/2018\/11\/DSC01536-1200x1200.jpg 1200w\" loading=\"eager\" style=\"--ratio: 1200 \/ 1200\" sizes=\"(max-width: 1200px) 100vw, 1200px\" alt=\"\" width=\"1200\" height=\"1200\"  \/><span class=\"gallery-rollover\"><span class=\"gallery-zoom-ico icomoon-the7-font-the7-zoom-06\"><span><\/span><\/span><\/span><\/a><\/figure><\/div><div data-post-id=\"4981\" data-date=\"2019-01-29T18:06:39+00:00\" data-name=\"2018-01-25-15.32.22\"><figure class=\"post\"><a href=\"https:\/\/oliveirobra.pt\/wp-content\/uploads\/2018\/11\/2018-01-25-15.32.22.jpg\" class=\"rollover dt-pswp-item layzr-bg\" data-large_image_width=\"1920\" data-large_image_height=\"1440\" data-dt-img-description=\"\" title=\"2018-01-25-15.32.22\"><img decoding=\"async\" class=\"preload-me owl-lazy-load aspect\" src=\"data:image\/svg+xml,%3Csvg%20xmlns%3D&#39;http%3A%2F%2Fwww.w3.org%2F2000%2Fsvg&#39;%20viewBox%3D&#39;0%200%201440%201440&#39;%2F%3E\" data-src=\"https:\/\/oliveirobra.pt\/wp-content\/uploads\/2018\/11\/2018-01-25-15.32.22-1440x1440.jpg\" data-srcset=\"https:\/\/oliveirobra.pt\/wp-content\/uploads\/2018\/11\/2018-01-25-15.32.22-1440x1440.jpg 1440w\" loading=\"eager\" style=\"--ratio: 1440 \/ 1440\" sizes=\"(max-width: 1440px) 100vw, 1440px\" alt=\"\" width=\"1440\" height=\"1440\"  \/><span class=\"gallery-rollover\"><span class=\"gallery-zoom-ico icomoon-the7-font-the7-zoom-06\"><span><\/span><\/span><\/span><\/a><\/figure><\/div><div data-post-id=\"4810\" data-date=\"2019-01-29T11:08:03+00:00\" data-name=\"equip-nord\"><figure class=\"post\"><a href=\"https:\/\/oliveirobra.pt\/wp-content\/uploads\/2018\/11\/equip-nord.jpg\" class=\"rollover dt-pswp-item layzr-bg\" data-large_image_width=\"1920\" data-large_image_height=\"1440\" data-dt-img-description=\"\" title=\"equip-nord\"><img decoding=\"async\" class=\"preload-me owl-lazy-load aspect\" src=\"data:image\/svg+xml,%3Csvg%20xmlns%3D&#39;http%3A%2F%2Fwww.w3.org%2F2000%2Fsvg&#39;%20viewBox%3D&#39;0%200%201440%201440&#39;%2F%3E\" data-src=\"https:\/\/oliveirobra.pt\/wp-content\/uploads\/2018\/11\/equip-nord-1440x1440.jpg\" data-srcset=\"https:\/\/oliveirobra.pt\/wp-content\/uploads\/2018\/11\/equip-nord-1440x1440.jpg 1440w\" loading=\"eager\" style=\"--ratio: 1440 \/ 1440\" sizes=\"(max-width: 1440px) 100vw, 1440px\" alt=\"\" width=\"1440\" height=\"1440\"  \/><span class=\"gallery-rollover\"><span class=\"gallery-zoom-ico icomoon-the7-font-the7-zoom-06\"><span><\/span><\/span><\/span><\/a><\/figure><\/div><div data-post-id=\"4010\" data-date=\"2018-11-16T17:13:34+00:00\" data-name=\"IMG_20170705_180055\"><figure class=\"post\"><a href=\"https:\/\/oliveirobra.pt\/wp-content\/uploads\/2018\/11\/IMG_20170705_180055.jpg\" class=\"rollover dt-pswp-item layzr-bg\" data-large_image_width=\"2448\" data-large_image_height=\"3264\" data-dt-img-description=\"\" title=\"IMG_20170705_180055\"><img decoding=\"async\" class=\"preload-me owl-lazy-load aspect\" src=\"data:image\/svg+xml,%3Csvg%20xmlns%3D&#39;http%3A%2F%2Fwww.w3.org%2F2000%2Fsvg&#39;%20viewBox%3D&#39;0%200%202448%202448&#39;%2F%3E\" data-src=\"https:\/\/oliveirobra.pt\/wp-content\/uploads\/2018\/11\/IMG_20170705_180055-2448x2448.jpg\" data-srcset=\"https:\/\/oliveirobra.pt\/wp-content\/uploads\/2018\/11\/IMG_20170705_180055-2448x2448.jpg 2448w\" loading=\"eager\" style=\"--ratio: 2448 \/ 2448\" sizes=\"(max-width: 2448px) 100vw, 2448px\" alt=\"\" width=\"2448\" height=\"2448\"  \/><span class=\"gallery-rollover\"><span class=\"gallery-zoom-ico icomoon-the7-font-the7-zoom-06\"><span><\/span><\/span><\/span><\/a><\/figure><\/div><div data-post-id=\"3843\" data-date=\"2018-11-15T14:49:44+00:00\" data-name=\"Escrit\u00f3rios 900 m2, Vergeze\"><figure class=\"post\"><a href=\"https:\/\/oliveirobra.pt\/wp-content\/uploads\/2018\/11\/2-15-e1542293561231.jpg\" class=\"rollover dt-pswp-item layzr-bg\" data-large_image_width=\"1290\" data-large_image_height=\"968\" data-dt-img-description=\"\" title=\"Escrit\u00f3rios 900 m2, Vergeze\"><img decoding=\"async\" class=\"preload-me owl-lazy-load aspect\" src=\"data:image\/svg+xml,%3Csvg%20xmlns%3D&#39;http%3A%2F%2Fwww.w3.org%2F2000%2Fsvg&#39;%20viewBox%3D&#39;0%200%20968%20968&#39;%2F%3E\" data-src=\"https:\/\/oliveirobra.pt\/wp-content\/uploads\/2018\/11\/2-15-e1542293561231-968x968.jpg\" data-srcset=\"https:\/\/oliveirobra.pt\/wp-content\/uploads\/2018\/11\/2-15-e1542293561231-968x968.jpg 968w\" loading=\"eager\" style=\"--ratio: 968 \/ 968\" sizes=\"(max-width: 968px) 100vw, 968px\" alt=\"\" width=\"968\" height=\"968\"  \/><span class=\"gallery-rollover\"><span class=\"gallery-zoom-ico icomoon-the7-font-the7-zoom-06\"><span><\/span><\/span><\/span><\/a><\/figure><\/div><div data-post-id=\"3828\" data-date=\"2018-11-15T12:21:45+00:00\" data-name=\"Pavilh\u00e3o 960 m2, Houdan\"><figure class=\"post\"><a href=\"https:\/\/oliveirobra.pt\/wp-content\/uploads\/2018\/11\/4-11-e1542284657824.jpg\" class=\"rollover dt-pswp-item layzr-bg\" data-large_image_width=\"1084\" data-large_image_height=\"813\" data-dt-img-description=\"\" title=\"Pavilh\u00e3o 960 m2, Houdan\"><img decoding=\"async\" class=\"preload-me owl-lazy-load aspect\" src=\"data:image\/svg+xml,%3Csvg%20xmlns%3D&#39;http%3A%2F%2Fwww.w3.org%2F2000%2Fsvg&#39;%20viewBox%3D&#39;0%200%20813%20813&#39;%2F%3E\" data-src=\"https:\/\/oliveirobra.pt\/wp-content\/uploads\/2018\/11\/4-11-e1542284657824-813x813.jpg\" data-srcset=\"https:\/\/oliveirobra.pt\/wp-content\/uploads\/2018\/11\/4-11-e1542284657824-813x813.jpg 813w\" loading=\"eager\" style=\"--ratio: 813 \/ 813\" sizes=\"(max-width: 813px) 100vw, 813px\" alt=\"\" width=\"813\" height=\"813\"  \/><span class=\"gallery-rollover\"><span class=\"gallery-zoom-ico icomoon-the7-font-the7-zoom-06\"><span><\/span><\/span><\/span><\/a><\/figure><\/div><div data-post-id=\"3576\" data-date=\"2018-11-13T17:51:46+00:00\" data-name=\"Pavilh\u00e3o 1050 m2, Braga\"><figure class=\"post\"><a href=\"https:\/\/oliveirobra.pt\/wp-content\/uploads\/2018\/11\/2_censored-2.jpg\" class=\"rollover dt-pswp-item layzr-bg\" data-large_image_width=\"2048\" data-large_image_height=\"1536\" data-dt-img-description=\"\" title=\"Pavilh\u00e3o 1050 m2, Braga\"><img decoding=\"async\" class=\"preload-me owl-lazy-load aspect\" src=\"data:image\/svg+xml,%3Csvg%20xmlns%3D&#39;http%3A%2F%2Fwww.w3.org%2F2000%2Fsvg&#39;%20viewBox%3D&#39;0%200%201536%201536&#39;%2F%3E\" data-src=\"https:\/\/oliveirobra.pt\/wp-content\/uploads\/2018\/11\/2_censored-2-1536x1536.jpg\" data-srcset=\"https:\/\/oliveirobra.pt\/wp-content\/uploads\/2018\/11\/2_censored-2-1536x1536.jpg 1536w\" loading=\"eager\" style=\"--ratio: 1536 \/ 1536\" sizes=\"(max-width: 1536px) 100vw, 1536px\" alt=\"\" width=\"1536\" height=\"1536\"  \/><span class=\"gallery-rollover\"><span class=\"gallery-zoom-ico icomoon-the7-font-the7-zoom-06\"><span><\/span><\/span><\/span><\/a><\/figure><\/div><div data-post-id=\"3525\" data-date=\"2018-11-13T16:35:13+00:00\" data-name=\"Pavilh\u00e3o 1150 m2, Barcelos\"><figure class=\"post\"><a href=\"https:\/\/oliveirobra.pt\/wp-content\/uploads\/2018\/11\/6_censored-3.jpg\" class=\"rollover dt-pswp-item layzr-bg\" data-large_image_width=\"2048\" data-large_image_height=\"1536\" data-dt-img-description=\"\" title=\"Pavilh\u00e3o 1150 m2, Barcelos\"><img decoding=\"async\" class=\"preload-me owl-lazy-load aspect\" src=\"data:image\/svg+xml,%3Csvg%20xmlns%3D&#39;http%3A%2F%2Fwww.w3.org%2F2000%2Fsvg&#39;%20viewBox%3D&#39;0%200%201536%201536&#39;%2F%3E\" data-src=\"https:\/\/oliveirobra.pt\/wp-content\/uploads\/2018\/11\/6_censored-3-1536x1536.jpg\" data-srcset=\"https:\/\/oliveirobra.pt\/wp-content\/uploads\/2018\/11\/6_censored-3-1536x1536.jpg 1536w\" loading=\"eager\" style=\"--ratio: 1536 \/ 1536\" sizes=\"(max-width: 1536px) 100vw, 1536px\" alt=\"\" width=\"1536\" height=\"1536\"  \/><span class=\"gallery-rollover\"><span class=\"gallery-zoom-ico icomoon-the7-font-the7-zoom-06\"><span><\/span><\/span><\/span><\/a><\/figure><\/div><div data-post-id=\"3504\" data-date=\"2018-11-13T16:13:14+00:00\" data-name=\"Pavilh\u00e3o 1700 m2, Gilmonde\"><figure class=\"post\"><a href=\"https:\/\/oliveirobra.pt\/wp-content\/uploads\/2018\/11\/3-5.jpg\" class=\"rollover dt-pswp-item layzr-bg\" data-large_image_width=\"4032\" data-large_image_height=\"3024\" data-dt-img-description=\"\" title=\"Pavilh\u00e3o 1700 m2, Gilmonde\"><img decoding=\"async\" class=\"preload-me owl-lazy-load aspect\" src=\"data:image\/svg+xml,%3Csvg%20xmlns%3D&#39;http%3A%2F%2Fwww.w3.org%2F2000%2Fsvg&#39;%20viewBox%3D&#39;0%200%203024%203024&#39;%2F%3E\" data-src=\"https:\/\/oliveirobra.pt\/wp-content\/uploads\/2018\/11\/3-5-3024x3024.jpg\" data-srcset=\"https:\/\/oliveirobra.pt\/wp-content\/uploads\/2018\/11\/3-5-3024x3024.jpg 3024w\" loading=\"eager\" style=\"--ratio: 3024 \/ 3024\" sizes=\"(max-width: 3024px) 100vw, 3024px\" alt=\"\" width=\"3024\" height=\"3024\"  \/><span class=\"gallery-rollover\"><span class=\"gallery-zoom-ico icomoon-the7-font-the7-zoom-06\"><span><\/span><\/span><\/span><\/a><\/figure><\/div><div data-post-id=\"3402\" data-date=\"2018-11-13T13:45:35+00:00\" data-name=\"Escrit\u00f3rios 720 m2, Nimes\"><figure class=\"post\"><a href=\"https:\/\/oliveirobra.pt\/wp-content\/uploads\/2018\/11\/6.jpg\" class=\"rollover dt-pswp-item layzr-bg\" data-large_image_width=\"2448\" data-large_image_height=\"3264\" data-dt-img-description=\"\" title=\"Escrit\u00f3rios 720 m2, Nimes\"><img decoding=\"async\" class=\"preload-me owl-lazy-load aspect\" src=\"data:image\/svg+xml,%3Csvg%20xmlns%3D&#39;http%3A%2F%2Fwww.w3.org%2F2000%2Fsvg&#39;%20viewBox%3D&#39;0%200%202448%202448&#39;%2F%3E\" data-src=\"https:\/\/oliveirobra.pt\/wp-content\/uploads\/2018\/11\/6-2448x2448.jpg\" data-srcset=\"https:\/\/oliveirobra.pt\/wp-content\/uploads\/2018\/11\/6-2448x2448.jpg 2448w\" loading=\"eager\" style=\"--ratio: 2448 \/ 2448\" sizes=\"(max-width: 2448px) 100vw, 2448px\" alt=\"\" width=\"2448\" height=\"2448\"  \/><span class=\"gallery-rollover\"><span class=\"gallery-zoom-ico icomoon-the7-font-the7-zoom-06\"><span><\/span><\/span><\/span><\/a><\/figure><\/div><div data-post-id=\"3270\" data-date=\"2018-05-31T17:22:43+00:00\" data-name=\"teste2\"><figure class=\"post\"><a href=\"https:\/\/oliveirobra.pt\/wp-content\/uploads\/2018\/05\/20170130_095254.jpg\" class=\"rollover dt-pswp-item layzr-bg\" data-large_image_width=\"1920\" data-large_image_height=\"1280\" data-dt-img-description=\"\" title=\"teste2\"><img decoding=\"async\" class=\"preload-me owl-lazy-load aspect\" src=\"data:image\/svg+xml,%3Csvg%20xmlns%3D&#39;http%3A%2F%2Fwww.w3.org%2F2000%2Fsvg&#39;%20viewBox%3D&#39;0%200%201280%201280&#39;%2F%3E\" data-src=\"https:\/\/oliveirobra.pt\/wp-content\/uploads\/2018\/05\/20170130_095254-1280x1280.jpg\" data-srcset=\"https:\/\/oliveirobra.pt\/wp-content\/uploads\/2018\/05\/20170130_095254-1280x1280.jpg 1280w\" loading=\"eager\" style=\"--ratio: 1280 \/ 1280\" sizes=\"(max-width: 1280px) 100vw, 1280px\" alt=\"\" width=\"1280\" height=\"1280\"  \/><span class=\"gallery-rollover\"><span class=\"gallery-zoom-ico icomoon-the7-font-the7-zoom-06\"><span><\/span><\/span><\/span><\/a><\/figure><\/div><\/div>[\/vc_column][\/vc_row]<\/p>\n<\/div>","protected":false},"excerpt":{"rendered":"<p>[vc_row][vc_column][vc_column_text css_animation=\u00bbfadeInUp\u00bb]Realizamos recubrimientos met\u00e1licos en fachadas y techos de edificios industriales, comerciales y residenciales. Tambi\u00e9n dise\u00f1amos otros productos con el fin de hacer m\u00e1s amplia nuestra oferta: hoja de perfil, corrugado, teja de imitaci\u00f3n, etc.[\/vc_column_text][\/vc_column][\/vc_row][vc_row][vc_column][\/vc_column][\/vc_row]<\/p>\n","protected":false},"author":1,"featured_media":0,"parent":0,"menu_order":0,"comment_status":"closed","ping_status":"closed","template":"","meta":{"footnotes":""},"class_list":["post-4376","page","type-page","status-publish","hentry","description-off"],"_links":{"self":[{"href":"https:\/\/oliveirobra.pt\/es\/wp-json\/wp\/v2\/pages\/4376","targetHints":{"allow":["GET"]}}],"collection":[{"href":"https:\/\/oliveirobra.pt\/es\/wp-json\/wp\/v2\/pages"}],"about":[{"href":"https:\/\/oliveirobra.pt\/es\/wp-json\/wp\/v2\/types\/page"}],"author":[{"embeddable":true,"href":"https:\/\/oliveirobra.pt\/es\/wp-json\/wp\/v2\/users\/1"}],"replies":[{"embeddable":true,"href":"https:\/\/oliveirobra.pt\/es\/wp-json\/wp\/v2\/comments?post=4376"}],"version-history":[{"count":0,"href":"https:\/\/oliveirobra.pt\/es\/wp-json\/wp\/v2\/pages\/4376\/revisions"}],"wp:attachment":[{"href":"https:\/\/oliveirobra.pt\/es\/wp-json\/wp\/v2\/media?parent=4376"}],"curies":[{"name":"wp","href":"https:\/\/api.w.org\/{rel}","templated":true}]}}