{"id":4429,"date":"2018-05-30T13:30:31","date_gmt":"2018-05-30T13:30:31","guid":{"rendered":"http:\/\/oliveirobra.dotpro.pt\/novo\/diseno-y-modelizacion-3d\/"},"modified":"2026-03-02T08:54:02","modified_gmt":"2026-03-02T08:54:02","slug":"diseno-y-modelizacion-3d","status":"publish","type":"page","link":"https:\/\/oliveirobra.pt\/es\/diseno-y-modelizacion-3d\/","title":{"rendered":"Dise\u00f1o y modelizaci\u00f3n 3D"},"content":{"rendered":"<div class=\"wpb-content-wrapper\"><p>[vc_row][vc_column][vc_column_text css_animation=\u00bbfadeInUp\u00bb]Oliveirobra integra en su equipo una oficina de estudio que desarrolla proyectos para responder mejor a los requerimientos de sus clientes.<\/p>\n<p>Este departamento tiene como misi\u00f3n principal la optimizaci\u00f3n y eficiencia de cada proyecto a realizar por Oliveirobra, garantizando a sus clientes un seguimiento completo en todas las fases, desde la proyecci\u00f3n hasta la realizaci\u00f3n final.<\/p>\n<p>Como resultado de la experiencia adquirida a lo largo de los a\u00f1os, el equipo de estudio y proyecto de Oliveirobra re\u00fane un vasto y extenso conocimiento en el mercado en el que opera. Conscientes de las exigencias y la constante evoluci\u00f3n del mercado, el equipo de estudios y proyectos sigue en constante b\u00fasqueda de nuevas t\u00e9cnicas y materiales para responder a cualquier reto o requerimiento, logrando los proyectos m\u00e1s innovadores para Satisfacer a sus clientes m\u00e1s exigentes.[\/vc_column_text][\/vc_column][\/vc_row][vc_section full_width=\u00bbstretch_row\u00bb][\/vc_section][vc_row][vc_column]<style type=\"text\/css\" data-type=\"the7_shortcodes-inline-css\">.carousel-shortcode.carousel-shortcode-id-15b22185e81409707c0ce0d6425bece8.owl-carousel .owl-nav div {\n  width: 36px;\n  height: 36px;\n  border-radius: 500px;\n}\n.dt-arrow-border-on.carousel-shortcode.carousel-shortcode-id-15b22185e81409707c0ce0d6425bece8.owl-carousel .owl-nav div:not(:hover):before {\n  border-width: 0px;\n}\n.dt-arrow-hover-border-on.carousel-shortcode.carousel-shortcode-id-15b22185e81409707c0ce0d6425bece8.owl-carousel .owl-nav div:hover:after {\n  border-width: 0px;\n}\n.carousel-shortcode.carousel-shortcode-id-15b22185e81409707c0ce0d6425bece8.owl-carousel .owl-nav div.owl-prev {\n  top: 50%;\n  transform: translateY(calc(-50% + 0px));\n  left: -43px;\n}\n@media all and (-ms-high-contrast: none) {\n  .carousel-shortcode.carousel-shortcode-id-15b22185e81409707c0ce0d6425bece8.owl-carousel .owl-nav div.owl-prev {\n    transform: translateY(-50%);\n    margin-top: 0px;\n  }\n}\n.carousel-shortcode.carousel-shortcode-id-15b22185e81409707c0ce0d6425bece8.owl-carousel .owl-nav div.owl-prev i {\n  padding: 0px 0px 0px 0px;\n}\n.carousel-shortcode.carousel-shortcode-id-15b22185e81409707c0ce0d6425bece8.owl-carousel .owl-nav div.owl-next {\n  top: 50%;\n  transform: translateY(calc(-50% + 0px));\n  right: -43px;\n}\n@media all and (-ms-high-contrast: none) {\n  .carousel-shortcode.carousel-shortcode-id-15b22185e81409707c0ce0d6425bece8.owl-carousel .owl-nav div.owl-next {\n    transform: translateY(-50%);\n    margin-top: 0px;\n  }\n}\n.carousel-shortcode.carousel-shortcode-id-15b22185e81409707c0ce0d6425bece8.owl-carousel .owl-nav div.owl-next i {\n  padding: 0px 0px 0px 0px;\n}\n.carousel-shortcode.carousel-shortcode-id-15b22185e81409707c0ce0d6425bece8.owl-carousel .owl-nav i {\n  font-size: 18px;\n}\n.carousel-shortcode.carousel-shortcode-id-15b22185e81409707c0ce0d6425bece8.owl-carousel .owl-nav div:not(:hover) i,\n.carousel-shortcode.carousel-shortcode-id-15b22185e81409707c0ce0d6425bece8.owl-carousel .owl-nav div:not(:hover) i:before {\n  color: #ffffff;\n  background: none;\n}\n.carousel-shortcode.carousel-shortcode-id-15b22185e81409707c0ce0d6425bece8.owl-carousel .owl-nav div:hover i,\n.carousel-shortcode.carousel-shortcode-id-15b22185e81409707c0ce0d6425bece8.owl-carousel .owl-nav div:hover i:before {\n  color: rgba(255,255,255,0.75);\n  background: none;\n}\n.carousel-shortcode.carousel-shortcode-id-15b22185e81409707c0ce0d6425bece8 .owl-dots {\n  top: calc(100% + 20px);\n  left: 50%;\n  transform: translateX(calc(-50% + 0px));\n}\n@media all and (-ms-high-contrast: none) {\n  .carousel-shortcode.carousel-shortcode-id-15b22185e81409707c0ce0d6425bece8 .owl-dots {\n    transform: translateX(-50%);\n    margin-left: 0px;\n  }\n}\n.carousel-shortcode.carousel-shortcode-id-15b22185e81409707c0ce0d6425bece8 .owl-dot {\n  width: 10px;\n  height: 10px;\n  margin: 0 8px;\n}\n@media screen and (max-width: 778px) {\n  .carousel-shortcode.carousel-shortcode-id-15b22185e81409707c0ce0d6425bece8.hide-arrows .owl-nav a {\n    display: none;\n  }\n}\n@media screen and (max-width: 778px) {\n  .carousel-shortcode.carousel-shortcode-id-15b22185e81409707c0ce0d6425bece8.reposition-arrows .owl-nav div.owl-prev {\n    top: 50%;\n    transform: translateY(calc(-50% + 0px));\n    left: 10px;\n  }\n  .carousel-shortcode.carousel-shortcode-id-15b22185e81409707c0ce0d6425bece8.reposition-arrows .owl-nav div.owl-next {\n    top: 50%;\n    transform: translateY(calc(-50% + 0px));\n    right: 10px;\n  }\n}\n@media screen and (max-width: 778px) and all and (-ms-high-contrast: none) {\n  .carousel-shortcode.carousel-shortcode-id-15b22185e81409707c0ce0d6425bece8.reposition-arrows .owl-nav div.owl-prev {\n    transform: translateY(-50%);\n    margin-top: 0px;\n  }\n}\n@media screen and (max-width: 778px) and all and (-ms-high-contrast: none) {\n  .carousel-shortcode.carousel-shortcode-id-15b22185e81409707c0ce0d6425bece8.reposition-arrows .owl-nav div.owl-next {\n    transform: translateY(-50%);\n    margin-top: 0px;\n  }\n}<\/style><div class=\"owl-carousel carousel-shortcode dt-owl-carousel-call carousel-shortcode-id-15b22185e81409707c0ce0d6425bece8 bullets-small-dot-stroke reposition-arrows arrows-bg-on dt-arrow-border-on dt-arrow-hover-border-on disable-arrows-hover-bg arrows-hover-bg-on  \" data-scroll-mode=\"1\" data-col-num=\"4\" data-wide-col-num=\"5\" data-laptop-col=\"4\" data-h-tablet-columns-num=\"3\" data-v-tablet-columns-num=\"2\" data-phone-columns-num=\"1\" data-auto-height=\"true\" data-col-gap=\"30\" data-stage-padding=\"0\" data-speed=\"600\" data-autoplay=\"false\" data-autoplay_speed=\"6000\" data-arrows=\"true\" data-bullet=\"false\" data-next-icon=\"icon-ar-017-r\" data-prev-icon=\"icon-ar-017-l\">[vc_single_image image=\u00bb4020&#8243; img_size=\u00bbmedium\u00bb onclick=\u00bblink_image\u00bb lazy_loading=\u00bbtrue\u00bb][vc_single_image image=\u00bb8749&#8243; img_size=\u00bbmedium\u00bb onclick=\u00bblink_image\u00bb css=\u00bb\u00bb lazy_loading=\u00bbtrue\u00bb][vc_single_image image=\u00bb4060&#8243; img_size=\u00bbmedium\u00bb onclick=\u00bblink_image\u00bb lazy_loading=\u00bbtrue\u00bb][vc_single_image image=\u00bb8753&#8243; img_size=\u00bbmedium\u00bb onclick=\u00bblink_image\u00bb css=\u00bb\u00bb lazy_loading=\u00bbtrue\u00bb][vc_single_image image=\u00bb4044&#8243; img_size=\u00bbmedium\u00bb onclick=\u00bblink_image\u00bb lazy_loading=\u00bbtrue\u00bb][vc_single_image image=\u00bb8745&#8243; css=\u00bb\u00bb][vc_single_image image=\u00bb4056&#8243; img_size=\u00bbmedium\u00bb onclick=\u00bblink_image\u00bb lazy_loading=\u00bbtrue\u00bb]<\/div>[\/vc_column][\/vc_row]<\/p>\n<\/div>","protected":false},"excerpt":{"rendered":"<p>[vc_row][vc_column][vc_column_text css_animation=\u00bbfadeInUp\u00bb]Oliveirobra integra en su equipo una oficina de estudio que desarrolla proyectos para responder mejor a los requerimientos de sus clientes. Este departamento tiene como misi\u00f3n principal la optimizaci\u00f3n y eficiencia de cada proyecto a realizar por Oliveirobra, garantizando a sus clientes un seguimiento completo en todas las fases, desde la proyecci\u00f3n hasta la&hellip;<\/p>\n","protected":false},"author":1,"featured_media":4032,"parent":0,"menu_order":0,"comment_status":"closed","ping_status":"closed","template":"","meta":{"footnotes":""},"class_list":["post-4429","page","type-page","status-publish","has-post-thumbnail","hentry","description-off"],"_links":{"self":[{"href":"https:\/\/oliveirobra.pt\/es\/wp-json\/wp\/v2\/pages\/4429","targetHints":{"allow":["GET"]}}],"collection":[{"href":"https:\/\/oliveirobra.pt\/es\/wp-json\/wp\/v2\/pages"}],"about":[{"href":"https:\/\/oliveirobra.pt\/es\/wp-json\/wp\/v2\/types\/page"}],"author":[{"embeddable":true,"href":"https:\/\/oliveirobra.pt\/es\/wp-json\/wp\/v2\/users\/1"}],"replies":[{"embeddable":true,"href":"https:\/\/oliveirobra.pt\/es\/wp-json\/wp\/v2\/comments?post=4429"}],"version-history":[{"count":4,"href":"https:\/\/oliveirobra.pt\/es\/wp-json\/wp\/v2\/pages\/4429\/revisions"}],"predecessor-version":[{"id":8769,"href":"https:\/\/oliveirobra.pt\/es\/wp-json\/wp\/v2\/pages\/4429\/revisions\/8769"}],"wp:featuredmedia":[{"embeddable":true,"href":"https:\/\/oliveirobra.pt\/es\/wp-json\/wp\/v2\/media\/4032"}],"wp:attachment":[{"href":"https:\/\/oliveirobra.pt\/es\/wp-json\/wp\/v2\/media?parent=4429"}],"curies":[{"name":"wp","href":"https:\/\/api.w.org\/{rel}","templated":true}]}}