{"id":4439,"date":"2018-05-30T11:02:24","date_gmt":"2018-05-30T11:02:24","guid":{"rendered":"http:\/\/oliveirobra.dotpro.pt\/novo\/politica-de-calidad\/"},"modified":"2019-02-21T18:08:25","modified_gmt":"2019-02-21T18:08:25","slug":"politica-de-calidad","status":"publish","type":"page","link":"https:\/\/oliveirobra.pt\/es\/politica-de-calidad\/","title":{"rendered":"Pol\u00edtica de calidad"},"content":{"rendered":"<div class=\"wpb-content-wrapper\"><p>[vc_row][vc_column width=\u00bb1\/6&#8243;][vc_single_image image=\u00bb41&#8243; img_size=\u00bb200&#215;200&#8243; alignment=\u00bbcenter\u00bb css_animation=\u00bbfadeInUp\u00bb][\/vc_column][vc_column width=\u00bb5\/6&#8243;][vc_column_text css_animation=\u00bbfadeInUp\u00bb]Oliveirobra, en el marco de la Pol\u00edtica de Calidad vigente en la empresa tiene como objetivo el suministro de productos de calidad en conformidad con las necesidades de los clientes, a precios competitivos y en los plazos solicitados.<\/p>\n<p>Con base en el principio de la Mejora Continua, Oliveirobra asume compromisos con los clientes, procesos internos, proveedores y colaboradores. En este sentido, existe la preocupaci\u00f3n con la total satisfacci\u00f3n de los clientes y su fidelizaci\u00f3n, proporcion\u00e1ndoles con profesionalismo y \u00e9tica, bienes y servicios para satisfacer los requisitos acordados en concordancia con la reglamentaci\u00f3n aplicable a la actividad.<\/p>\n<p>Existe una preocupaci\u00f3n constante en la optimizaci\u00f3n de los procesos internos a trav\u00e9s de la definici\u00f3n de reglas que demuestren la opci\u00f3n por la calidad, eficacia y eficiencia. En lo que concierne a los proveedores, el compromiso se centra en el desarrollo de relaciones de cooperaci\u00f3n y asociaci\u00f3n con los mismos en el sentido de la satisfacci\u00f3n de todas las partes involucradas. En Oliveirobra las condiciones de seguridad e higiene en el trabajo son fundamentales siendo fomentadas a trav\u00e9s de la disponibilidad de los medios necesarios, aliados a las competencias, para alcanzar de forma sistem\u00e1tica la calidad, eficacia y eficiencia.[\/vc_column_text][\/vc_column][\/vc_row]<\/p>\n<\/div>","protected":false},"excerpt":{"rendered":"<p>[vc_row][vc_column width=\u00bb1\/6&#8243;][vc_single_image image=\u00bb41&#8243; img_size=\u00bb200&#215;200&#8243; alignment=\u00bbcenter\u00bb css_animation=\u00bbfadeInUp\u00bb][\/vc_column][vc_column width=\u00bb5\/6&#8243;][vc_column_text css_animation=\u00bbfadeInUp\u00bb]Oliveirobra, en el marco de la Pol\u00edtica de Calidad vigente en la empresa tiene como objetivo el suministro de productos de calidad en conformidad con las necesidades de los clientes, a precios competitivos y en los plazos solicitados. Con base en el principio de la Mejora Continua, Oliveirobra&hellip;<\/p>\n","protected":false},"author":1,"featured_media":0,"parent":0,"menu_order":0,"comment_status":"closed","ping_status":"closed","template":"","meta":{"footnotes":""},"class_list":["post-4439","page","type-page","status-publish","hentry","description-off"],"_links":{"self":[{"href":"https:\/\/oliveirobra.pt\/es\/wp-json\/wp\/v2\/pages\/4439","targetHints":{"allow":["GET"]}}],"collection":[{"href":"https:\/\/oliveirobra.pt\/es\/wp-json\/wp\/v2\/pages"}],"about":[{"href":"https:\/\/oliveirobra.pt\/es\/wp-json\/wp\/v2\/types\/page"}],"author":[{"embeddable":true,"href":"https:\/\/oliveirobra.pt\/es\/wp-json\/wp\/v2\/users\/1"}],"replies":[{"embeddable":true,"href":"https:\/\/oliveirobra.pt\/es\/wp-json\/wp\/v2\/comments?post=4439"}],"version-history":[{"count":0,"href":"https:\/\/oliveirobra.pt\/es\/wp-json\/wp\/v2\/pages\/4439\/revisions"}],"wp:attachment":[{"href":"https:\/\/oliveirobra.pt\/es\/wp-json\/wp\/v2\/media?parent=4439"}],"curies":[{"name":"wp","href":"https:\/\/api.w.org\/{rel}","templated":true}]}}