{"id":4366,"date":"2018-05-30T10:38:06","date_gmt":"2018-05-30T10:38:06","guid":{"rendered":"http:\/\/oliveirobra.dotpro.pt\/novo\/notre-entreprise\/"},"modified":"2023-03-29T13:42:11","modified_gmt":"2023-03-29T13:42:11","slug":"notre-entreprise","status":"publish","type":"page","link":"https:\/\/oliveirobra.pt\/fr\/notre-entreprise\/","title":{"rendered":"Notre entreprise"},"content":{"rendered":"<div class=\"wpb-content-wrapper\"><p>[vc_row][vc_column width=\u00a0\u00bb1\/3&Prime;][vc_single_image image=\u00a0\u00bb4359&Prime; img_size=\u00a0\u00bblarge\u00a0\u00bb alignment=\u00a0\u00bbcenter\u00a0\u00bb style=\u00a0\u00bbvc_box_shadow_3d\u00a0\u00bb css_animation=\u00a0\u00bbfadeInUp\u00a0\u00bb][\/vc_column][vc_column width=\u00a0\u00bb2\/3&Prime;][vc_column_text css_animation=\u00a0\u00bbfadeInUp\u00a0\u00bb]<span lang=\"PT\">Oliveirobra est une entreprise qui op\u00e8re dans le domaine des constructions m\u00e9talliques qui combine des mat\u00e9riaux de qualit\u00e9 sup\u00e9rieure aux derni\u00e8res techniques de construction, afin d\u2019\u00eatre en mesure de fournir le meilleur service \u00e0 tous ses clients. Si\u00e9g\u00e9 \u00e0 Cabreiros, Braga, Oliveirobra est reconnu pour sa qualit\u00e9 \u00e9vidente dans l\u2019ex\u00e9cution de ses travaux, permettant \u00e0 son client de surveiller toutes les phases de la mise en \u0153uvre de son projet, de la transformation de la mati\u00e8re premi\u00e8re \u00e0 son B\u00e2timent.<\/span><\/p>\n<p><span lang=\"PT\">Avec une constitution en l\u2019an 2003, Oliveirobra a comme activit\u00e9 principale la fabrication et l\u2019assemblage de structures m\u00e9talliques, ainsi que l\u2019application de rev\u00eatements m\u00e9talliques. Agissant seulement avec un noyau de professionnels exp\u00e9riment\u00e9s, tels que les ing\u00e9nieurs, les gestionnaires et les chefs d\u2019\u00e9quipe, Oliveirobra offre un service cl\u00e9 en main, qui va de la conception au projet, par la fabrication et l\u2019assemblage de structures m\u00e9talliques pour Application de toutes sortes de rev\u00eatements m\u00e9talliques.<\/span><\/p>\n<p><span lang=\"PT\">Consciente des transformations constantes que le march\u00e9 subit, Oliveirobra a plusieurs partenariats qui lui permettent de toujours garantir le meilleur et le plus complet service \u00e0 son client, permettant de fournir \u00e9galement la r\u00e9ponse aux travaux qui incluent l\u2019intervention de Construction, plaques de pl\u00e2tre, services \u00e9lectriques, entre autres.<\/span><\/p>\n<p><span lang=\"PT\">Afin de toujours maintenir un service d\u2019excellence, Oliveirobra investit dans la formation continue de ses collaborateurs, afin de toujours assurer les techniques les plus innovantes gr\u00e2ce \u00e0 l\u2019utilisation de m\u00e9thodologies modernes et actuelles.<\/span>[\/vc_column_text][\/vc_column][\/vc_row]<\/p>\n<\/div>","protected":false},"excerpt":{"rendered":"<p>[vc_row][vc_column width=\u00a0\u00bb1\/3&Prime;][vc_single_image image=\u00a0\u00bb4359&Prime; img_size=\u00a0\u00bblarge\u00a0\u00bb alignment=\u00a0\u00bbcenter\u00a0\u00bb style=\u00a0\u00bbvc_box_shadow_3d\u00a0\u00bb css_animation=\u00a0\u00bbfadeInUp\u00a0\u00bb][\/vc_column][vc_column width=\u00a0\u00bb2\/3&Prime;][vc_column_text css_animation=\u00a0\u00bbfadeInUp\u00a0\u00bb]Oliveirobra est une entreprise qui op\u00e8re dans le domaine des constructions m\u00e9talliques qui combine des mat\u00e9riaux de qualit\u00e9 sup\u00e9rieure aux derni\u00e8res techniques de construction, afin d\u2019\u00eatre en mesure de fournir le meilleur service \u00e0 tous ses clients. Si\u00e9g\u00e9 \u00e0 Cabreiros, Braga, Oliveirobra est reconnu pour sa qualit\u00e9&hellip;<\/p>\n","protected":false},"author":1,"featured_media":0,"parent":0,"menu_order":0,"comment_status":"closed","ping_status":"closed","template":"","meta":{"footnotes":""},"class_list":["post-4366","page","type-page","status-publish","hentry","description-off"],"_links":{"self":[{"href":"https:\/\/oliveirobra.pt\/fr\/wp-json\/wp\/v2\/pages\/4366","targetHints":{"allow":["GET"]}}],"collection":[{"href":"https:\/\/oliveirobra.pt\/fr\/wp-json\/wp\/v2\/pages"}],"about":[{"href":"https:\/\/oliveirobra.pt\/fr\/wp-json\/wp\/v2\/types\/page"}],"author":[{"embeddable":true,"href":"https:\/\/oliveirobra.pt\/fr\/wp-json\/wp\/v2\/users\/1"}],"replies":[{"embeddable":true,"href":"https:\/\/oliveirobra.pt\/fr\/wp-json\/wp\/v2\/comments?post=4366"}],"version-history":[{"count":2,"href":"https:\/\/oliveirobra.pt\/fr\/wp-json\/wp\/v2\/pages\/4366\/revisions"}],"predecessor-version":[{"id":6709,"href":"https:\/\/oliveirobra.pt\/fr\/wp-json\/wp\/v2\/pages\/4366\/revisions\/6709"}],"wp:attachment":[{"href":"https:\/\/oliveirobra.pt\/fr\/wp-json\/wp\/v2\/media?parent=4366"}],"curies":[{"name":"wp","href":"https:\/\/api.w.org\/{rel}","templated":true}]}}