{"id":4400,"date":"2018-05-30T13:29:51","date_gmt":"2018-05-30T13:29:51","guid":{"rendered":"http:\/\/oliveirobra.dotpro.pt\/novo\/serrurier-s-shop\/"},"modified":"2019-02-21T11:34:13","modified_gmt":"2019-02-21T11:34:13","slug":"serrurerie","status":"publish","type":"page","link":"https:\/\/oliveirobra.pt\/fr\/serrurerie\/","title":{"rendered":"Serrurerie"},"content":{"rendered":"<div class=\"wpb-content-wrapper\"><p>[vc_row][vc_column][vc_column_text css_animation=\u00a0\u00bbfadeInUp\u00a0\u00bb]Au fil des ans, Oliveirobra a \u00e9t\u00e9 qualifi\u00e9 dans le secteur serrurier, assurant ainsi la pr\u00e9sence dans ce service. Toujours compter sur une \u00e9quipe de professionnels qualifi\u00e9s et d\u2019agir uniquement avec des produits de haute qualit\u00e9, de sorte que le r\u00e9sultat final est un service d\u2019excellence \u00e0 des prix comp\u00e9titifs.[\/vc_column_text][\/vc_column][\/vc_row][vc_row][vc_column]<style type=\"text\/css\" data-type=\"the7_shortcodes-inline-css\">.gallery-carousel-shortcode.gallery-carousel-shortcode-id-52e25a22715cf234c596499c9fda6dda.owl-carousel .owl-nav div {\n  width: 36px;\n  height: 36px;\n  border-radius: 500px;\n}\n.dt-arrow-border-on.gallery-carousel-shortcode.gallery-carousel-shortcode-id-52e25a22715cf234c596499c9fda6dda.owl-carousel .owl-nav div:not(:hover):before {\n  border-width: 0px;\n}\n.dt-arrow-hover-border-on.gallery-carousel-shortcode.gallery-carousel-shortcode-id-52e25a22715cf234c596499c9fda6dda.owl-carousel .owl-nav div:hover:after {\n  border-width: 0px;\n}\n.gallery-carousel-shortcode.gallery-carousel-shortcode-id-52e25a22715cf234c596499c9fda6dda.owl-carousel .owl-nav div.owl-prev {\n  top: 50%;\n  transform: translateY(calc(-50% + 0px));\n  left: -43px;\n}\n@media all and (-ms-high-contrast: none) {\n  .gallery-carousel-shortcode.gallery-carousel-shortcode-id-52e25a22715cf234c596499c9fda6dda.owl-carousel .owl-nav div.owl-prev {\n    transform: translateY(-50%);\n    margin-top: 0px;\n  }\n}\n.gallery-carousel-shortcode.gallery-carousel-shortcode-id-52e25a22715cf234c596499c9fda6dda.owl-carousel .owl-nav div.owl-prev i {\n  padding: 0px 0px 0px 0px;\n}\n.gallery-carousel-shortcode.gallery-carousel-shortcode-id-52e25a22715cf234c596499c9fda6dda.owl-carousel .owl-nav div.owl-next {\n  top: 50%;\n  transform: translateY(calc(-50% + 0px));\n  right: -43px;\n}\n@media all and (-ms-high-contrast: none) {\n  .gallery-carousel-shortcode.gallery-carousel-shortcode-id-52e25a22715cf234c596499c9fda6dda.owl-carousel .owl-nav div.owl-next {\n    transform: translateY(-50%);\n    margin-top: 0px;\n  }\n}\n.gallery-carousel-shortcode.gallery-carousel-shortcode-id-52e25a22715cf234c596499c9fda6dda.owl-carousel .owl-nav div.owl-next i {\n  padding: 0px 0px 0px 0px;\n}\n.gallery-carousel-shortcode.gallery-carousel-shortcode-id-52e25a22715cf234c596499c9fda6dda.owl-carousel .owl-nav i {\n  font-size: 18px;\n}\n.gallery-carousel-shortcode.gallery-carousel-shortcode-id-52e25a22715cf234c596499c9fda6dda.owl-carousel .owl-nav div:not(:hover) i,\n.gallery-carousel-shortcode.gallery-carousel-shortcode-id-52e25a22715cf234c596499c9fda6dda.owl-carousel .owl-nav div:not(:hover) i:before {\n  color: #ffffff;\n  background: none;\n}\n.gallery-carousel-shortcode.gallery-carousel-shortcode-id-52e25a22715cf234c596499c9fda6dda.owl-carousel .owl-nav div:hover i,\n.gallery-carousel-shortcode.gallery-carousel-shortcode-id-52e25a22715cf234c596499c9fda6dda.owl-carousel .owl-nav div:hover i:before {\n  color: rgba(255,255,255,0.75);\n  background: none;\n}\n.gallery-carousel-shortcode.gallery-carousel-shortcode-id-52e25a22715cf234c596499c9fda6dda .owl-dots {\n  top: calc(100% + 20px);\n  left: 50%;\n  transform: translateX(calc(-50% + 0px));\n}\n@media all and (-ms-high-contrast: none) {\n  .gallery-carousel-shortcode.gallery-carousel-shortcode-id-52e25a22715cf234c596499c9fda6dda .owl-dots {\n    transform: translateX(-50%);\n    margin-left: 0px;\n  }\n}\n.gallery-carousel-shortcode.gallery-carousel-shortcode-id-52e25a22715cf234c596499c9fda6dda .owl-dot {\n  width: 10px;\n  height: 10px;\n  margin: 0 8px;\n}\n@media screen and (max-width: 778px) {\n  .gallery-carousel-shortcode.gallery-carousel-shortcode-id-52e25a22715cf234c596499c9fda6dda.hide-arrows .owl-nav a {\n    display: none;\n  }\n}\n@media screen and (max-width: 778px) {\n  .gallery-carousel-shortcode.gallery-carousel-shortcode-id-52e25a22715cf234c596499c9fda6dda.reposition-arrows .owl-nav div.owl-prev {\n    top: 50%;\n    transform: translateY(calc(-50% + 0px));\n    left: 10px;\n  }\n  .gallery-carousel-shortcode.gallery-carousel-shortcode-id-52e25a22715cf234c596499c9fda6dda.reposition-arrows .owl-nav div.owl-next {\n    top: 50%;\n    transform: translateY(calc(-50% + 0px));\n    right: 10px;\n  }\n}\n@media screen and (max-width: 778px) and all and (-ms-high-contrast: none) {\n  .gallery-carousel-shortcode.gallery-carousel-shortcode-id-52e25a22715cf234c596499c9fda6dda.reposition-arrows .owl-nav div.owl-prev {\n    transform: translateY(-50%);\n    margin-top: 0px;\n  }\n}\n@media screen and (max-width: 778px) and all and (-ms-high-contrast: none) {\n  .gallery-carousel-shortcode.gallery-carousel-shortcode-id-52e25a22715cf234c596499c9fda6dda.reposition-arrows .owl-nav div.owl-next {\n    transform: translateY(-50%);\n    margin-top: 0px;\n  }\n}\n.gallery-carousel-shortcode.gallery-carousel-shortcode-id-52e25a22715cf234c596499c9fda6dda figure,\n.gallery-carousel-shortcode.gallery-carousel-shortcode-id-52e25a22715cf234c596499c9fda6dda .rollover,\n.gallery-carousel-shortcode.gallery-carousel-shortcode-id-52e25a22715cf234c596499c9fda6dda img,\n.gallery-carousel-shortcode.gallery-carousel-shortcode-id-52e25a22715cf234c596499c9fda6dda .gallery-rollover {\n  border-radius: 0px;\n}\n.gallery-carousel-shortcode.gallery-carousel-shortcode-id-52e25a22715cf234c596499c9fda6dda.enable-bg-rollover .gallery-rollover {\n  background: -webkit-linear-gradient();\n  background: linear-gradient();\n}\n.gallery-carousel-shortcode.gallery-carousel-shortcode-id-52e25a22715cf234c596499c9fda6dda.enable-img-shadow .owl-stage-outer {\n  padding: 14px 0;\n}\n.gallery-carousel-shortcode.gallery-carousel-shortcode-id-52e25a22715cf234c596499c9fda6dda.enable-bg-rollover.hover-scale figure .rollover:after {\n  background: -webkit-linear-gradient();\n  background: linear-gradient();\n}\n.gallery-carousel-shortcode.gallery-carousel-shortcode-id-52e25a22715cf234c596499c9fda6dda.gallery-shortcode .gallery-zoom-ico {\n  width: 44px;\n  height: 44px;\n  line-height: 44px;\n  border-radius: 100px;\n  margin: -22px 0 0 -22px;\n  border-width: 0px;\n}\n.dt-icon-bg-on.gallery-carousel-shortcode.gallery-carousel-shortcode-id-52e25a22715cf234c596499c9fda6dda.gallery-shortcode .gallery-zoom-ico {\n  background: rgba(255,255,255,0.3);\n  box-shadow: none;\n}\n.gallery-carousel-shortcode.gallery-carousel-shortcode-id-52e25a22715cf234c596499c9fda6dda.gallery-shortcode .gallery-zoom-ico:before,\n.gallery-carousel-shortcode.gallery-carousel-shortcode-id-52e25a22715cf234c596499c9fda6dda.gallery-shortcode .gallery-zoom-ico span {\n  font-size: 32px;\n  line-height: 44px;\n  color: #ffffff;\n  background: none;\n}<\/style><div class=\"owl-carousel gallery-carousel-shortcode gallery-shortcode  dt-gallery-container dt-owl-carousel-call gallery-carousel-shortcode-id-52e25a22715cf234c596499c9fda6dda quick-scale-img enable-bg-rollover meta-info-off dt-arrow-border-on dt-arrow-hover-border-on bullets-small-dot-stroke reposition-arrows dt-icon-bg-off arrows-bg-on disable-arrows-hover-bg arrows-hover-bg-on  hover-fade \" data-scroll-mode=\"1\" data-col-num=\"6\" data-wide-col-num=\"6\" data-laptop-col=\"5\" data-h-tablet-columns-num=\"4\" data-v-tablet-columns-num=\"3\" data-phone-columns-num=\"1\" data-col-gap=\"10\" data-stage-padding=\"0\" data-speed=\"600\" data-autoplay=\"false\" data-autoplay_speed=\"6000\" data-arrows=\"true\" data-bullet=\"false\" data-next-icon=\"icon-ar-017-r\" data-prev-icon=\"icon-ar-017-l\" data-img-shadow-size=\"12px\" data-img-shadow-spread=\"3px\"><div data-post-id=\"4111\" data-date=\"2018-11-16T17:52:46+00:00\" data-name=\"40e0e783-ba66-4548-930c-6c4144ca18a2\"><figure class=\"post\"><a href=\"https:\/\/oliveirobra.pt\/wp-content\/uploads\/2018\/11\/40e0e783-ba66-4548-930c-6c4144ca18a2.jpg\" class=\"rollover dt-pswp-item layzr-bg\" data-large_image_width=\"1600\" data-large_image_height=\"777\" data-dt-img-description=\"\" title=\"40e0e783-ba66-4548-930c-6c4144ca18a2\"><img fetchpriority=\"high\" decoding=\"async\" class=\"preload-me owl-lazy-load aspect\" src=\"data:image\/svg+xml,%3Csvg%20xmlns%3D&#39;http%3A%2F%2Fwww.w3.org%2F2000%2Fsvg&#39;%20viewBox%3D&#39;0%200%20777%20777&#39;%2F%3E\" data-src=\"https:\/\/oliveirobra.pt\/wp-content\/uploads\/2018\/11\/40e0e783-ba66-4548-930c-6c4144ca18a2-777x777.jpg\" data-srcset=\"https:\/\/oliveirobra.pt\/wp-content\/uploads\/2018\/11\/40e0e783-ba66-4548-930c-6c4144ca18a2-777x777.jpg 777w\" loading=\"eager\" style=\"--ratio: 777 \/ 777\" sizes=\"(max-width: 777px) 100vw, 777px\" alt=\"\" width=\"777\" height=\"777\"  \/><span class=\"gallery-rollover\"><span class=\"gallery-zoom-ico icomoon-the7-font-the7-zoom-06\"><span><\/span><\/span><\/span><\/a><\/figure><\/div><div data-post-id=\"4107\" data-date=\"2018-11-16T17:51:55+00:00\" data-name=\"20180217_104858\"><figure class=\"post\"><a href=\"https:\/\/oliveirobra.pt\/wp-content\/uploads\/2018\/11\/20180217_104858.png\" class=\"rollover dt-pswp-item layzr-bg\" data-large_image_width=\"1280\" data-large_image_height=\"960\" data-dt-img-description=\"\" title=\"20180217_104858\"><img decoding=\"async\" class=\"preload-me owl-lazy-load aspect\" src=\"data:image\/svg+xml,%3Csvg%20xmlns%3D&#39;http%3A%2F%2Fwww.w3.org%2F2000%2Fsvg&#39;%20viewBox%3D&#39;0%200%20960%20960&#39;%2F%3E\" data-src=\"https:\/\/oliveirobra.pt\/wp-content\/uploads\/2018\/11\/20180217_104858-960x960.png\" data-srcset=\"https:\/\/oliveirobra.pt\/wp-content\/uploads\/2018\/11\/20180217_104858-960x960.png 960w\" loading=\"eager\" style=\"--ratio: 960 \/ 960\" sizes=\"(max-width: 960px) 100vw, 960px\" alt=\"\" width=\"960\" height=\"960\"  \/><span class=\"gallery-rollover\"><span class=\"gallery-zoom-ico icomoon-the7-font-the7-zoom-06\"><span><\/span><\/span><\/span><\/a><\/figure><\/div><div data-post-id=\"4103\" data-date=\"2018-11-16T17:51:52+00:00\" data-name=\"20180217_104839\"><figure class=\"post\"><a href=\"https:\/\/oliveirobra.pt\/wp-content\/uploads\/2018\/11\/20180217_104839.png\" class=\"rollover dt-pswp-item layzr-bg\" data-large_image_width=\"1280\" data-large_image_height=\"960\" data-dt-img-description=\"\" title=\"20180217_104839\"><img decoding=\"async\" class=\"preload-me owl-lazy-load aspect\" src=\"data:image\/svg+xml,%3Csvg%20xmlns%3D&#39;http%3A%2F%2Fwww.w3.org%2F2000%2Fsvg&#39;%20viewBox%3D&#39;0%200%20960%20960&#39;%2F%3E\" data-src=\"https:\/\/oliveirobra.pt\/wp-content\/uploads\/2018\/11\/20180217_104839-960x960.png\" data-srcset=\"https:\/\/oliveirobra.pt\/wp-content\/uploads\/2018\/11\/20180217_104839-960x960.png 960w\" loading=\"eager\" style=\"--ratio: 960 \/ 960\" sizes=\"(max-width: 960px) 100vw, 960px\" alt=\"\" width=\"960\" height=\"960\"  \/><span class=\"gallery-rollover\"><span class=\"gallery-zoom-ico icomoon-the7-font-the7-zoom-06\"><span><\/span><\/span><\/span><\/a><\/figure><\/div><div data-post-id=\"4095\" data-date=\"2018-11-16T17:51:42+00:00\" data-name=\"20180217_104022\"><figure class=\"post\"><a href=\"https:\/\/oliveirobra.pt\/wp-content\/uploads\/2018\/11\/20180217_104022.png\" class=\"rollover dt-pswp-item layzr-bg\" data-large_image_width=\"1280\" data-large_image_height=\"960\" data-dt-img-description=\"\" title=\"20180217_104022\"><img decoding=\"async\" class=\"preload-me owl-lazy-load aspect\" src=\"data:image\/svg+xml,%3Csvg%20xmlns%3D&#39;http%3A%2F%2Fwww.w3.org%2F2000%2Fsvg&#39;%20viewBox%3D&#39;0%200%20960%20960&#39;%2F%3E\" data-src=\"https:\/\/oliveirobra.pt\/wp-content\/uploads\/2018\/11\/20180217_104022-960x960.png\" data-srcset=\"https:\/\/oliveirobra.pt\/wp-content\/uploads\/2018\/11\/20180217_104022-960x960.png 960w\" loading=\"eager\" style=\"--ratio: 960 \/ 960\" sizes=\"(max-width: 960px) 100vw, 960px\" alt=\"\" width=\"960\" height=\"960\"  \/><span class=\"gallery-rollover\"><span class=\"gallery-zoom-ico icomoon-the7-font-the7-zoom-06\"><span><\/span><\/span><\/span><\/a><\/figure><\/div><div data-post-id=\"4079\" data-date=\"2018-11-16T17:48:06+00:00\" data-name=\"20180831_101114\"><figure class=\"post\"><a href=\"https:\/\/oliveirobra.pt\/wp-content\/uploads\/2018\/11\/20180831_101114.png\" class=\"rollover dt-pswp-item layzr-bg\" data-large_image_width=\"1280\" data-large_image_height=\"720\" data-dt-img-description=\"\" title=\"20180831_101114\"><img decoding=\"async\" class=\"preload-me owl-lazy-load aspect\" src=\"data:image\/svg+xml,%3Csvg%20xmlns%3D&#39;http%3A%2F%2Fwww.w3.org%2F2000%2Fsvg&#39;%20viewBox%3D&#39;0%200%20720%20720&#39;%2F%3E\" data-src=\"https:\/\/oliveirobra.pt\/wp-content\/uploads\/2018\/11\/20180831_101114-720x720.png\" data-srcset=\"https:\/\/oliveirobra.pt\/wp-content\/uploads\/2018\/11\/20180831_101114-720x720.png 720w\" loading=\"eager\" style=\"--ratio: 720 \/ 720\" sizes=\"(max-width: 720px) 100vw, 720px\" alt=\"\" width=\"720\" height=\"720\"  \/><span class=\"gallery-rollover\"><span class=\"gallery-zoom-ico icomoon-the7-font-the7-zoom-06\"><span><\/span><\/span><\/span><\/a><\/figure><\/div><div data-post-id=\"5157\" data-date=\"2019-02-14T10:43:01+00:00\" data-name=\"20190206_112613\"><figure class=\"post\"><a href=\"https:\/\/oliveirobra.pt\/wp-content\/uploads\/2019\/02\/20190206_112613.jpg\" class=\"rollover dt-pswp-item layzr-bg\" data-large_image_width=\"1600\" data-large_image_height=\"1200\" data-dt-img-description=\"\" title=\"20190206_112613\"><img decoding=\"async\" class=\"preload-me owl-lazy-load aspect\" src=\"data:image\/svg+xml,%3Csvg%20xmlns%3D&#39;http%3A%2F%2Fwww.w3.org%2F2000%2Fsvg&#39;%20viewBox%3D&#39;0%200%201200%201200&#39;%2F%3E\" data-src=\"https:\/\/oliveirobra.pt\/wp-content\/uploads\/2019\/02\/20190206_112613-1200x1200.jpg\" data-srcset=\"https:\/\/oliveirobra.pt\/wp-content\/uploads\/2019\/02\/20190206_112613-1200x1200.jpg 1200w\" loading=\"eager\" style=\"--ratio: 1200 \/ 1200\" sizes=\"(max-width: 1200px) 100vw, 1200px\" alt=\"\" width=\"1200\" height=\"1200\"  \/><span class=\"gallery-rollover\"><span class=\"gallery-zoom-ico icomoon-the7-font-the7-zoom-06\"><span><\/span><\/span><\/span><\/a><\/figure><\/div><div data-post-id=\"5586\" data-date=\"2019-02-18T09:20:02+00:00\" data-name=\"escada\"><figure class=\"post\"><a href=\"https:\/\/oliveirobra.pt\/wp-content\/uploads\/2019\/02\/escada.jpg\" class=\"rollover dt-pswp-item layzr-bg\" data-large_image_width=\"3072\" data-large_image_height=\"2304\" data-dt-img-description=\"\" title=\"escada\"><img decoding=\"async\" class=\"preload-me owl-lazy-load aspect\" src=\"data:image\/svg+xml,%3Csvg%20xmlns%3D&#39;http%3A%2F%2Fwww.w3.org%2F2000%2Fsvg&#39;%20viewBox%3D&#39;0%200%202304%202304&#39;%2F%3E\" data-src=\"https:\/\/oliveirobra.pt\/wp-content\/uploads\/2019\/02\/escada-2304x2304.jpg\" data-srcset=\"https:\/\/oliveirobra.pt\/wp-content\/uploads\/2019\/02\/escada-2304x2304.jpg 2304w\" loading=\"eager\" style=\"--ratio: 2304 \/ 2304\" sizes=\"(max-width: 2304px) 100vw, 2304px\" alt=\"\" width=\"2304\" height=\"2304\"  \/><span class=\"gallery-rollover\"><span class=\"gallery-zoom-ico icomoon-the7-font-the7-zoom-06\"><span><\/span><\/span><\/span><\/a><\/figure><\/div><\/div>[\/vc_column][\/vc_row]<\/p>\n<\/div>","protected":false},"excerpt":{"rendered":"<p>[vc_row][vc_column][vc_column_text css_animation=\u00a0\u00bbfadeInUp\u00a0\u00bb]Au fil des ans, Oliveirobra a \u00e9t\u00e9 qualifi\u00e9 dans le secteur serrurier, assurant ainsi la pr\u00e9sence dans ce service. Toujours compter sur une \u00e9quipe de professionnels qualifi\u00e9s et d\u2019agir uniquement avec des produits de haute qualit\u00e9, de sorte que le r\u00e9sultat final est un service d\u2019excellence \u00e0 des prix comp\u00e9titifs.[\/vc_column_text][\/vc_column][\/vc_row][vc_row][vc_column][\/vc_column][\/vc_row]<\/p>\n","protected":false},"author":1,"featured_media":0,"parent":0,"menu_order":0,"comment_status":"closed","ping_status":"closed","template":"","meta":{"footnotes":""},"class_list":["post-4400","page","type-page","status-publish","hentry","description-off"],"_links":{"self":[{"href":"https:\/\/oliveirobra.pt\/fr\/wp-json\/wp\/v2\/pages\/4400","targetHints":{"allow":["GET"]}}],"collection":[{"href":"https:\/\/oliveirobra.pt\/fr\/wp-json\/wp\/v2\/pages"}],"about":[{"href":"https:\/\/oliveirobra.pt\/fr\/wp-json\/wp\/v2\/types\/page"}],"author":[{"embeddable":true,"href":"https:\/\/oliveirobra.pt\/fr\/wp-json\/wp\/v2\/users\/1"}],"replies":[{"embeddable":true,"href":"https:\/\/oliveirobra.pt\/fr\/wp-json\/wp\/v2\/comments?post=4400"}],"version-history":[{"count":0,"href":"https:\/\/oliveirobra.pt\/fr\/wp-json\/wp\/v2\/pages\/4400\/revisions"}],"wp:attachment":[{"href":"https:\/\/oliveirobra.pt\/fr\/wp-json\/wp\/v2\/media?parent=4400"}],"curies":[{"name":"wp","href":"https:\/\/api.w.org\/{rel}","templated":true}]}}