{"id":4404,"date":"2018-11-17T11:21:51","date_gmt":"2018-11-17T11:21:51","guid":{"rendered":"http:\/\/oliveirobra.dotpro.pt\/novo\/mission-vision-et-valeurs\/"},"modified":"2018-11-17T11:21:54","modified_gmt":"2018-11-17T11:21:54","slug":"mission-vision-et-valeurs","status":"publish","type":"page","link":"https:\/\/oliveirobra.pt\/fr\/mission-vision-et-valeurs\/","title":{"rendered":"Mission, vision et valeurs"},"content":{"rendered":"<div class=\"wpb-content-wrapper\"><p>[vc_row type=\u00a0\u00bbvc_default\u00a0\u00bb gap=\u00a0\u00bb15&Prime; equal_height=\u00a0\u00bbyes\u00a0\u00bb][vc_column css=\u00a0\u00bb.vc_custom_1534860672153{margin-right: 15px !important;margin-left: 15px !important;padding-right: 25px !important;padding-left: 25px !important;background-color: #f4f4f4 !important;border-radius: 10px !important;}\u00a0\u00bb][vc_custom_heading text=\u00a0\u00bbMission\u00a0\u00bb font_container=\u00a0\u00bbtag:h2|text_align:left|color:%23ab2328&Prime; use_theme_fonts=\u00a0\u00bbyes\u00a0\u00bb css_animation=\u00a0\u00bbnone\u00a0\u00bb][vc_separator css_animation=\u00a0\u00bbflipInY\u00a0\u00bb][vc_column_text css_animation=\u00a0\u00bbfadeInUp\u00a0\u00bb]Nous transformons et cr\u00e9ons des structures m\u00e9talliques, en utilisant les meilleurs \u00e9quipements, m\u00e9thodes et processus avec une \u00e9quipe comp\u00e9tente et motiv\u00e9s pour atteindre des niveaux d&rsquo;excellence.[\/vc_column_text][\/vc_column][\/vc_row][vc_row type=\u00a0\u00bbvc_default\u00a0\u00bb gap=\u00a0\u00bb15&Prime; equal_height=\u00a0\u00bbyes\u00a0\u00bb][vc_column css=\u00a0\u00bb.vc_custom_1534860672153{margin-right: 15px !important;margin-left: 15px !important;padding-right: 25px !important;padding-left: 25px !important;background-color: #f4f4f4 !important;border-radius: 10px !important;}\u00a0\u00bb][vc_custom_heading text=\u00a0\u00bbVision\u00a0\u00bb font_container=\u00a0\u00bbtag:h2|text_align:left|color:%23ab2328&Prime; use_theme_fonts=\u00a0\u00bbyes\u00a0\u00bb css_animation=\u00a0\u00bbnone\u00a0\u00bb][vc_separator css_animation=\u00a0\u00bbflipInY\u00a0\u00bb][vc_column_text css_animation=\u00a0\u00bbfadeInUp\u00a0\u00bb]Avec l&rsquo;excellence, nous transformons le fer en les meilleures solutions structurelles.[\/vc_column_text][\/vc_column][\/vc_row][vc_row type=\u00a0\u00bbvc_default\u00a0\u00bb gap=\u00a0\u00bb15&Prime; equal_height=\u00a0\u00bbyes\u00a0\u00bb][vc_column css=\u00a0\u00bb.vc_custom_1534860672153{margin-right: 15px !important;margin-left: 15px !important;padding-right: 25px !important;padding-left: 25px !important;background-color: #f4f4f4 !important;border-radius: 10px !important;}\u00a0\u00bb][vc_custom_heading text=\u00a0\u00bbValeurs\u00a0\u00bb font_container=\u00a0\u00bbtag:h2|text_align:left|color:%23ab2328&Prime; use_theme_fonts=\u00a0\u00bbyes\u00a0\u00bb css_animation=\u00a0\u00bbnone\u00a0\u00bb][vc_separator css_animation=\u00a0\u00bbflipInY\u00a0\u00bb]<div class=\"uavc-list-icon uavc-list-icon-wrapper ult-adjust-bottom-margin   \"><ul class=\"uavc-list\"><li><div class=\"uavc-list-content\" id=\"list-icon-wrap-2835\">\n<div class=\"uavc-list-icon  \" data-animation=\"\" data-animation-delay=\"03\" style=\"margin-right:15px;\"><div class=\"ult-just-icon-wrapper  \"><div class=\"align-icon\" style=\"text-align:center;\">\n<div class=\"aio-icon circle \"  style=\"color:#ab2328;background:#ffffff;font-size:20px;display:inline-block;\">\n\t<i class=\"Defaults-check\"><\/i>\n<\/div><\/div><\/div>\n<\/div><span  data-ultimate-target='#list-icon-wrap-2835 .uavc-list-desc'  data-responsive-json-new='{\"font-size\":\"\",\"line-height\":\"\"}'  class=\"uavc-list-desc ult-responsive\" style=\"\"><\/p>\n<header class=\"entry-content-header\">\n<header class=\"entry-content-header\">\n<h6 class=\"av_iconlist_title iconlist_title_small av_inherit_color \">Comp\u00e9tence<\/h6>\n<\/header>\n<div class=\"iconlist_content \">\n<p>Nous imprimons les connaissances techniques et la rigueur dans tout ce que nous d\u00e9veloppons.<\/p>\n<\/div>\n<\/header>\n<p><\/span><\/div><\/li><li><div class=\"uavc-list-content\" id=\"list-icon-wrap-9042\">\n<div class=\"uavc-list-icon  \" data-animation=\"\" data-animation-delay=\"03\" style=\"margin-right:15px;\"><div class=\"ult-just-icon-wrapper  \"><div class=\"align-icon\" style=\"text-align:center;\">\n<div class=\"aio-icon circle \"  style=\"color:#ab2328;background:#ffffff;font-size:20px;display:inline-block;\">\n\t<i class=\"Defaults-check\"><\/i>\n<\/div><\/div><\/div>\n<\/div><span  data-ultimate-target='#list-icon-wrap-9042 .uavc-list-desc'  data-responsive-json-new='{\"font-size\":\"\",\"line-height\":\"\"}'  class=\"uavc-list-desc ult-responsive\" style=\"\"><\/p>\n<header class=\"entry-content-header\">\n<h6 class=\"av_iconlist_title iconlist_title_small av_inherit_color \">Excellence<\/h6>\n<\/header>\n<div class=\"iconlist_content \">\n<p>Nous cherchons les meilleures solutions, m\u00e9thodes et processus afin de d\u00e9passer les attentes des clients.<\/p>\n<\/div>\n<p><\/span><\/div><\/li><li><div class=\"uavc-list-content\" id=\"list-icon-wrap-1928\">\n<div class=\"uavc-list-icon  \" data-animation=\"\" data-animation-delay=\"03\" style=\"margin-right:15px;\"><div class=\"ult-just-icon-wrapper  \"><div class=\"align-icon\" style=\"text-align:center;\">\n<div class=\"aio-icon circle \"  style=\"color:#ab2328;background:#ffffff;font-size:20px;display:inline-block;\">\n\t<i class=\"Defaults-check\"><\/i>\n<\/div><\/div><\/div>\n<\/div><span  data-ultimate-target='#list-icon-wrap-1928 .uavc-list-desc'  data-responsive-json-new='{\"font-size\":\"\",\"line-height\":\"\"}'  class=\"uavc-list-desc ult-responsive\" style=\"\"><\/p>\n<header class=\"entry-content-header\">\n<header class=\"entry-content-header\">\n<header class=\"entry-content-header\">\n<h6 class=\"av_iconlist_title iconlist_title_small av_inherit_color \">Enthousiasme<\/h6>\n<\/header>\n<div class=\"iconlist_content \">\n<p>Nous mettons l&rsquo;enthousiasme et une attitude positive sur les t\u00e2ches quotidiennes.<\/p>\n<\/div>\n<\/header>\n<\/header>\n<p><\/span><\/div><\/li><li><div class=\"uavc-list-content\" id=\"list-icon-wrap-4789\">\n<div class=\"uavc-list-icon  \" data-animation=\"\" data-animation-delay=\"03\" style=\"margin-right:15px;\"><div class=\"ult-just-icon-wrapper  \"><div class=\"align-icon\" style=\"text-align:center;\">\n<div class=\"aio-icon circle \"  style=\"color:#ab2328;background:#ffffff;font-size:20px;display:inline-block;\">\n\t<i class=\"Defaults-check\"><\/i>\n<\/div><\/div><\/div>\n<\/div><span  data-ultimate-target='#list-icon-wrap-4789 .uavc-list-desc'  data-responsive-json-new='{\"font-size\":\"\",\"line-height\":\"\"}'  class=\"uavc-list-desc ult-responsive\" style=\"\"><\/p>\n<header class=\"entry-content-header\">\n<header class=\"entry-content-header\">\n<header class=\"entry-content-header\">\n<header class=\"entry-content-header\">\n<h6 class=\"av_iconlist_title iconlist_title_small av_inherit_color \">Cr\u00e9dibilit\u00e9<\/h6>\n<\/header>\n<div class=\"iconlist_content \">\n<p>Nous remplissons ce que nous proposons, et chaque fois que cela n&rsquo;est pas possible, nous trouverons des solutions qui nous permettront d&rsquo;honorer les accords que nous avons conclus.<\/p>\n<\/div>\n<\/header>\n<\/header>\n<\/header>\n<p><\/span><\/div><\/li><\/ul><\/div>[\/vc_column][\/vc_row]<\/p>\n<\/div>","protected":false},"excerpt":{"rendered":"<p>[vc_row type=\u00a0\u00bbvc_default\u00a0\u00bb gap=\u00a0\u00bb15&Prime; equal_height=\u00a0\u00bbyes\u00a0\u00bb][vc_column css=\u00a0\u00bb.vc_custom_1534860672153{margin-right: 15px !important;margin-left: 15px !important;padding-right: 25px !important;padding-left: 25px !important;background-color: #f4f4f4 !important;border-radius: 10px !important;}\u00a0\u00bb][vc_custom_heading text=\u00a0\u00bbMission\u00a0\u00bb font_container=\u00a0\u00bbtag:h2|text_align:left|color:%23ab2328&Prime; use_theme_fonts=\u00a0\u00bbyes\u00a0\u00bb css_animation=\u00a0\u00bbnone\u00a0\u00bb][vc_separator css_animation=\u00a0\u00bbflipInY\u00a0\u00bb][vc_column_text css_animation=\u00a0\u00bbfadeInUp\u00a0\u00bb]Nous transformons et cr\u00e9ons des structures m\u00e9talliques, en utilisant les meilleurs \u00e9quipements, m\u00e9thodes et processus avec une \u00e9quipe comp\u00e9tente et motiv\u00e9s pour atteindre des niveaux d&rsquo;excellence.[\/vc_column_text][\/vc_column][\/vc_row][vc_row type=\u00a0\u00bbvc_default\u00a0\u00bb gap=\u00a0\u00bb15&Prime; equal_height=\u00a0\u00bbyes\u00a0\u00bb][vc_column css=\u00a0\u00bb.vc_custom_1534860672153{margin-right: 15px !important;margin-left: 15px&hellip;<\/p>\n","protected":false},"author":1,"featured_media":0,"parent":0,"menu_order":0,"comment_status":"closed","ping_status":"closed","template":"","meta":{"footnotes":""},"class_list":["post-4404","page","type-page","status-publish","hentry","description-off"],"_links":{"self":[{"href":"https:\/\/oliveirobra.pt\/fr\/wp-json\/wp\/v2\/pages\/4404","targetHints":{"allow":["GET"]}}],"collection":[{"href":"https:\/\/oliveirobra.pt\/fr\/wp-json\/wp\/v2\/pages"}],"about":[{"href":"https:\/\/oliveirobra.pt\/fr\/wp-json\/wp\/v2\/types\/page"}],"author":[{"embeddable":true,"href":"https:\/\/oliveirobra.pt\/fr\/wp-json\/wp\/v2\/users\/1"}],"replies":[{"embeddable":true,"href":"https:\/\/oliveirobra.pt\/fr\/wp-json\/wp\/v2\/comments?post=4404"}],"version-history":[{"count":0,"href":"https:\/\/oliveirobra.pt\/fr\/wp-json\/wp\/v2\/pages\/4404\/revisions"}],"wp:attachment":[{"href":"https:\/\/oliveirobra.pt\/fr\/wp-json\/wp\/v2\/media?parent=4404"}],"curies":[{"name":"wp","href":"https:\/\/api.w.org\/{rel}","templated":true}]}}