{"id":4427,"date":"2018-05-30T13:30:31","date_gmt":"2018-05-30T13:30:31","guid":{"rendered":"http:\/\/oliveirobra.dotpro.pt\/novo\/conception-et-modelisation-3d\/"},"modified":"2026-03-02T08:53:06","modified_gmt":"2026-03-02T08:53:06","slug":"conception-et-modelisation-3d","status":"publish","type":"page","link":"https:\/\/oliveirobra.pt\/fr\/conception-et-modelisation-3d\/","title":{"rendered":"Conception et mod\u00e9lisation 3D"},"content":{"rendered":"<div class=\"wpb-content-wrapper\"><p>[vc_row][vc_column][vc_column_text css_animation=\u00a0\u00bbfadeInUp\u00a0\u00bb]Oliveirobra int\u00e8gre dans son \u00e9quipe un bureau d\u2019\u00e9tude qui d\u00e9veloppe des projets pour mieux r\u00e9pondre aux exigences de ses clients.<\/p>\n<p>Ce d\u00e9partement a comme mission principale l\u2019optimisation et l\u2019efficacit\u00e9 de chaque projet \u00e0 r\u00e9aliser par Oliveirobra, garantissant \u00e0 ses clients une surveillance compl\u00e8te dans toutes les phases, de la projection \u00e0 la r\u00e9alisation finale.<\/p>\n<p>Gr\u00e2ce \u00e0 l\u2019exp\u00e9rience acquise au fil des ans, l\u2019\u00e9quipe d\u2019\u00e9tude et de projet de Oliveirobra rassemble une vaste et vaste connaissance du march\u00e9 dans lequel elle op\u00e8re. Consciente des exigences et de l\u2019\u00e9volution constante du march\u00e9, l\u2019\u00e9quipe d\u2019\u00e9tudes et de projets reste constamment \u00e0 la recherche de nouvelles techniques et de nouveaux mat\u00e9riaux pour r\u00e9pondre \u00e0 tout d\u00e9fi ou exigence, en r\u00e9alisant les projets les plus innovants afin de Satisfaire leurs clients les plus exigeants.[\/vc_column_text][\/vc_column][\/vc_row][vc_section full_width=\u00a0\u00bbstretch_row\u00a0\u00bb][\/vc_section][vc_row][vc_column]<style type=\"text\/css\" data-type=\"the7_shortcodes-inline-css\">.carousel-shortcode.carousel-shortcode-id-15b22185e81409707c0ce0d6425bece8.owl-carousel .owl-nav div {\n  width: 36px;\n  height: 36px;\n  border-radius: 500px;\n}\n.dt-arrow-border-on.carousel-shortcode.carousel-shortcode-id-15b22185e81409707c0ce0d6425bece8.owl-carousel .owl-nav div:not(:hover):before {\n  border-width: 0px;\n}\n.dt-arrow-hover-border-on.carousel-shortcode.carousel-shortcode-id-15b22185e81409707c0ce0d6425bece8.owl-carousel .owl-nav div:hover:after {\n  border-width: 0px;\n}\n.carousel-shortcode.carousel-shortcode-id-15b22185e81409707c0ce0d6425bece8.owl-carousel .owl-nav div.owl-prev {\n  top: 50%;\n  transform: translateY(calc(-50% + 0px));\n  left: -43px;\n}\n@media all and (-ms-high-contrast: none) {\n  .carousel-shortcode.carousel-shortcode-id-15b22185e81409707c0ce0d6425bece8.owl-carousel .owl-nav div.owl-prev {\n    transform: translateY(-50%);\n    margin-top: 0px;\n  }\n}\n.carousel-shortcode.carousel-shortcode-id-15b22185e81409707c0ce0d6425bece8.owl-carousel .owl-nav div.owl-prev i {\n  padding: 0px 0px 0px 0px;\n}\n.carousel-shortcode.carousel-shortcode-id-15b22185e81409707c0ce0d6425bece8.owl-carousel .owl-nav div.owl-next {\n  top: 50%;\n  transform: translateY(calc(-50% + 0px));\n  right: -43px;\n}\n@media all and (-ms-high-contrast: none) {\n  .carousel-shortcode.carousel-shortcode-id-15b22185e81409707c0ce0d6425bece8.owl-carousel .owl-nav div.owl-next {\n    transform: translateY(-50%);\n    margin-top: 0px;\n  }\n}\n.carousel-shortcode.carousel-shortcode-id-15b22185e81409707c0ce0d6425bece8.owl-carousel .owl-nav div.owl-next i {\n  padding: 0px 0px 0px 0px;\n}\n.carousel-shortcode.carousel-shortcode-id-15b22185e81409707c0ce0d6425bece8.owl-carousel .owl-nav i {\n  font-size: 18px;\n}\n.carousel-shortcode.carousel-shortcode-id-15b22185e81409707c0ce0d6425bece8.owl-carousel .owl-nav div:not(:hover) i,\n.carousel-shortcode.carousel-shortcode-id-15b22185e81409707c0ce0d6425bece8.owl-carousel .owl-nav div:not(:hover) i:before {\n  color: #ffffff;\n  background: none;\n}\n.carousel-shortcode.carousel-shortcode-id-15b22185e81409707c0ce0d6425bece8.owl-carousel .owl-nav div:hover i,\n.carousel-shortcode.carousel-shortcode-id-15b22185e81409707c0ce0d6425bece8.owl-carousel .owl-nav div:hover i:before {\n  color: rgba(255,255,255,0.75);\n  background: none;\n}\n.carousel-shortcode.carousel-shortcode-id-15b22185e81409707c0ce0d6425bece8 .owl-dots {\n  top: calc(100% + 20px);\n  left: 50%;\n  transform: translateX(calc(-50% + 0px));\n}\n@media all and (-ms-high-contrast: none) {\n  .carousel-shortcode.carousel-shortcode-id-15b22185e81409707c0ce0d6425bece8 .owl-dots {\n    transform: translateX(-50%);\n    margin-left: 0px;\n  }\n}\n.carousel-shortcode.carousel-shortcode-id-15b22185e81409707c0ce0d6425bece8 .owl-dot {\n  width: 10px;\n  height: 10px;\n  margin: 0 8px;\n}\n@media screen and (max-width: 778px) {\n  .carousel-shortcode.carousel-shortcode-id-15b22185e81409707c0ce0d6425bece8.hide-arrows .owl-nav a {\n    display: none;\n  }\n}\n@media screen and (max-width: 778px) {\n  .carousel-shortcode.carousel-shortcode-id-15b22185e81409707c0ce0d6425bece8.reposition-arrows .owl-nav div.owl-prev {\n    top: 50%;\n    transform: translateY(calc(-50% + 0px));\n    left: 10px;\n  }\n  .carousel-shortcode.carousel-shortcode-id-15b22185e81409707c0ce0d6425bece8.reposition-arrows .owl-nav div.owl-next {\n    top: 50%;\n    transform: translateY(calc(-50% + 0px));\n    right: 10px;\n  }\n}\n@media screen and (max-width: 778px) and all and (-ms-high-contrast: none) {\n  .carousel-shortcode.carousel-shortcode-id-15b22185e81409707c0ce0d6425bece8.reposition-arrows .owl-nav div.owl-prev {\n    transform: translateY(-50%);\n    margin-top: 0px;\n  }\n}\n@media screen and (max-width: 778px) and all and (-ms-high-contrast: none) {\n  .carousel-shortcode.carousel-shortcode-id-15b22185e81409707c0ce0d6425bece8.reposition-arrows .owl-nav div.owl-next {\n    transform: translateY(-50%);\n    margin-top: 0px;\n  }\n}<\/style><div class=\"owl-carousel carousel-shortcode dt-owl-carousel-call carousel-shortcode-id-15b22185e81409707c0ce0d6425bece8 bullets-small-dot-stroke reposition-arrows arrows-bg-on dt-arrow-border-on dt-arrow-hover-border-on disable-arrows-hover-bg arrows-hover-bg-on  \" data-scroll-mode=\"1\" data-col-num=\"4\" data-wide-col-num=\"5\" data-laptop-col=\"4\" data-h-tablet-columns-num=\"3\" data-v-tablet-columns-num=\"2\" data-phone-columns-num=\"1\" data-auto-height=\"true\" data-col-gap=\"30\" data-stage-padding=\"0\" data-speed=\"600\" data-autoplay=\"false\" data-autoplay_speed=\"6000\" data-arrows=\"true\" data-bullet=\"false\" data-next-icon=\"icon-ar-017-r\" data-prev-icon=\"icon-ar-017-l\">[vc_single_image image=\u00a0\u00bb4019&Prime; img_size=\u00a0\u00bbmedium\u00a0\u00bb onclick=\u00a0\u00bblink_image\u00a0\u00bb lazy_loading=\u00a0\u00bbtrue\u00a0\u00bb][vc_single_image image=\u00a0\u00bb8748&Prime; img_size=\u00a0\u00bbmedium\u00a0\u00bb onclick=\u00a0\u00bblink_image\u00a0\u00bb css=\u00a0\u00bb\u00a0\u00bb lazy_loading=\u00a0\u00bbtrue\u00a0\u00bb][vc_single_image image=\u00a0\u00bb4059&Prime; img_size=\u00a0\u00bbmedium\u00a0\u00bb onclick=\u00a0\u00bblink_image\u00a0\u00bb lazy_loading=\u00a0\u00bbtrue\u00a0\u00bb][vc_single_image image=\u00a0\u00bb8752&Prime; img_size=\u00a0\u00bbmedium\u00a0\u00bb onclick=\u00a0\u00bblink_image\u00a0\u00bb css=\u00a0\u00bb\u00a0\u00bb lazy_loading=\u00a0\u00bbtrue\u00a0\u00bb][vc_single_image image=\u00a0\u00bb4043&Prime; img_size=\u00a0\u00bbmedium\u00a0\u00bb onclick=\u00a0\u00bblink_image\u00a0\u00bb lazy_loading=\u00a0\u00bbtrue\u00a0\u00bb][vc_single_image image=\u00a0\u00bb8744&Prime; css=\u00a0\u00bb\u00a0\u00bb][vc_single_image image=\u00a0\u00bb4055&Prime; img_size=\u00a0\u00bbmedium\u00a0\u00bb onclick=\u00a0\u00bblink_image\u00a0\u00bb lazy_loading=\u00a0\u00bbtrue\u00a0\u00bb]<\/div>[\/vc_column][\/vc_row]<\/p>\n<\/div>","protected":false},"excerpt":{"rendered":"<p>[vc_row][vc_column][vc_column_text css_animation=\u00a0\u00bbfadeInUp\u00a0\u00bb]Oliveirobra int\u00e8gre dans son \u00e9quipe un bureau d\u2019\u00e9tude qui d\u00e9veloppe des projets pour mieux r\u00e9pondre aux exigences de ses clients. Ce d\u00e9partement a comme mission principale l\u2019optimisation et l\u2019efficacit\u00e9 de chaque projet \u00e0 r\u00e9aliser par Oliveirobra, garantissant \u00e0 ses clients une surveillance compl\u00e8te dans toutes les phases, de la projection \u00e0 la r\u00e9alisation finale.&hellip;<\/p>\n","protected":false},"author":1,"featured_media":4031,"parent":0,"menu_order":0,"comment_status":"closed","ping_status":"closed","template":"","meta":{"footnotes":""},"class_list":["post-4427","page","type-page","status-publish","has-post-thumbnail","hentry","description-off"],"_links":{"self":[{"href":"https:\/\/oliveirobra.pt\/fr\/wp-json\/wp\/v2\/pages\/4427","targetHints":{"allow":["GET"]}}],"collection":[{"href":"https:\/\/oliveirobra.pt\/fr\/wp-json\/wp\/v2\/pages"}],"about":[{"href":"https:\/\/oliveirobra.pt\/fr\/wp-json\/wp\/v2\/types\/page"}],"author":[{"embeddable":true,"href":"https:\/\/oliveirobra.pt\/fr\/wp-json\/wp\/v2\/users\/1"}],"replies":[{"embeddable":true,"href":"https:\/\/oliveirobra.pt\/fr\/wp-json\/wp\/v2\/comments?post=4427"}],"version-history":[{"count":4,"href":"https:\/\/oliveirobra.pt\/fr\/wp-json\/wp\/v2\/pages\/4427\/revisions"}],"predecessor-version":[{"id":8765,"href":"https:\/\/oliveirobra.pt\/fr\/wp-json\/wp\/v2\/pages\/4427\/revisions\/8765"}],"wp:featuredmedia":[{"embeddable":true,"href":"https:\/\/oliveirobra.pt\/fr\/wp-json\/wp\/v2\/media\/4031"}],"wp:attachment":[{"href":"https:\/\/oliveirobra.pt\/fr\/wp-json\/wp\/v2\/media?parent=4427"}],"curies":[{"name":"wp","href":"https:\/\/api.w.org\/{rel}","templated":true}]}}