{"id":4433,"date":"2018-05-30T13:25:59","date_gmt":"2018-05-30T13:25:59","guid":{"rendered":"http:\/\/oliveirobra.dotpro.pt\/novo\/revetements\/"},"modified":"2019-02-21T11:29:38","modified_gmt":"2019-02-21T11:29:38","slug":"revetements","status":"publish","type":"page","link":"https:\/\/oliveirobra.pt\/fr\/revetements\/","title":{"rendered":"Rev\u00eatements"},"content":{"rendered":"<div class=\"wpb-content-wrapper\"><p>[vc_row][vc_column][vc_column_text css_animation=\u00a0\u00bbfadeInUp\u00a0\u00bb]Nous faisons des rev\u00eatements m\u00e9talliques sur les fa\u00e7ades des b\u00e2timents industriels, commerciaux et r\u00e9sidentiels selon un \u00e9ventail d\u2019options qui passent par le panneau, la plaque de profil, le type de stackbond, entre autres.[\/vc_column_text][\/vc_column][\/vc_row][vc_row][vc_column]<style type=\"text\/css\" data-type=\"the7_shortcodes-inline-css\">.gallery-carousel-shortcode.gallery-carousel-shortcode-id-aba32fd6bda3082d4373ca7749231c06.owl-carousel .owl-nav div {\n  width: 36px;\n  height: 36px;\n  border-radius: 500px;\n}\n.dt-arrow-border-on.gallery-carousel-shortcode.gallery-carousel-shortcode-id-aba32fd6bda3082d4373ca7749231c06.owl-carousel .owl-nav div:not(:hover):before {\n  border-width: 0px;\n}\n.dt-arrow-hover-border-on.gallery-carousel-shortcode.gallery-carousel-shortcode-id-aba32fd6bda3082d4373ca7749231c06.owl-carousel .owl-nav div:hover:after {\n  border-width: 0px;\n}\n.gallery-carousel-shortcode.gallery-carousel-shortcode-id-aba32fd6bda3082d4373ca7749231c06.owl-carousel .owl-nav div.owl-prev {\n  top: 50%;\n  transform: translateY(calc(-50% + 0px));\n  left: -43px;\n}\n@media all and (-ms-high-contrast: none) {\n  .gallery-carousel-shortcode.gallery-carousel-shortcode-id-aba32fd6bda3082d4373ca7749231c06.owl-carousel .owl-nav div.owl-prev {\n    transform: translateY(-50%);\n    margin-top: 0px;\n  }\n}\n.gallery-carousel-shortcode.gallery-carousel-shortcode-id-aba32fd6bda3082d4373ca7749231c06.owl-carousel .owl-nav div.owl-prev i {\n  padding: 0px 0px 0px 0px;\n}\n.gallery-carousel-shortcode.gallery-carousel-shortcode-id-aba32fd6bda3082d4373ca7749231c06.owl-carousel .owl-nav div.owl-next {\n  top: 50%;\n  transform: translateY(calc(-50% + 0px));\n  right: -43px;\n}\n@media all and (-ms-high-contrast: none) {\n  .gallery-carousel-shortcode.gallery-carousel-shortcode-id-aba32fd6bda3082d4373ca7749231c06.owl-carousel .owl-nav div.owl-next {\n    transform: translateY(-50%);\n    margin-top: 0px;\n  }\n}\n.gallery-carousel-shortcode.gallery-carousel-shortcode-id-aba32fd6bda3082d4373ca7749231c06.owl-carousel .owl-nav div.owl-next i {\n  padding: 0px 0px 0px 0px;\n}\n.gallery-carousel-shortcode.gallery-carousel-shortcode-id-aba32fd6bda3082d4373ca7749231c06.owl-carousel .owl-nav i {\n  font-size: 18px;\n}\n.gallery-carousel-shortcode.gallery-carousel-shortcode-id-aba32fd6bda3082d4373ca7749231c06.owl-carousel .owl-nav div:not(:hover) i,\n.gallery-carousel-shortcode.gallery-carousel-shortcode-id-aba32fd6bda3082d4373ca7749231c06.owl-carousel .owl-nav div:not(:hover) i:before {\n  color: #ffffff;\n  background: none;\n}\n.gallery-carousel-shortcode.gallery-carousel-shortcode-id-aba32fd6bda3082d4373ca7749231c06.owl-carousel .owl-nav div:hover i,\n.gallery-carousel-shortcode.gallery-carousel-shortcode-id-aba32fd6bda3082d4373ca7749231c06.owl-carousel .owl-nav div:hover i:before {\n  color: rgba(255,255,255,0.75);\n  background: none;\n}\n.gallery-carousel-shortcode.gallery-carousel-shortcode-id-aba32fd6bda3082d4373ca7749231c06 .owl-dots {\n  top: calc(100% + 20px);\n  left: 50%;\n  transform: translateX(calc(-50% + 0px));\n}\n@media all and (-ms-high-contrast: none) {\n  .gallery-carousel-shortcode.gallery-carousel-shortcode-id-aba32fd6bda3082d4373ca7749231c06 .owl-dots {\n    transform: translateX(-50%);\n    margin-left: 0px;\n  }\n}\n.gallery-carousel-shortcode.gallery-carousel-shortcode-id-aba32fd6bda3082d4373ca7749231c06 .owl-dot {\n  width: 10px;\n  height: 10px;\n  margin: 0 8px;\n}\n@media screen and (max-width: 778px) {\n  .gallery-carousel-shortcode.gallery-carousel-shortcode-id-aba32fd6bda3082d4373ca7749231c06.hide-arrows .owl-nav a {\n    display: none;\n  }\n}\n@media screen and (max-width: 778px) {\n  .gallery-carousel-shortcode.gallery-carousel-shortcode-id-aba32fd6bda3082d4373ca7749231c06.reposition-arrows .owl-nav div.owl-prev {\n    top: 50%;\n    transform: translateY(calc(-50% + 0px));\n    left: 10px;\n  }\n  .gallery-carousel-shortcode.gallery-carousel-shortcode-id-aba32fd6bda3082d4373ca7749231c06.reposition-arrows .owl-nav div.owl-next {\n    top: 50%;\n    transform: translateY(calc(-50% + 0px));\n    right: 10px;\n  }\n}\n@media screen and (max-width: 778px) and all and (-ms-high-contrast: none) {\n  .gallery-carousel-shortcode.gallery-carousel-shortcode-id-aba32fd6bda3082d4373ca7749231c06.reposition-arrows .owl-nav div.owl-prev {\n    transform: translateY(-50%);\n    margin-top: 0px;\n  }\n}\n@media screen and (max-width: 778px) and all and (-ms-high-contrast: none) {\n  .gallery-carousel-shortcode.gallery-carousel-shortcode-id-aba32fd6bda3082d4373ca7749231c06.reposition-arrows .owl-nav div.owl-next {\n    transform: translateY(-50%);\n    margin-top: 0px;\n  }\n}\n.gallery-carousel-shortcode.gallery-carousel-shortcode-id-aba32fd6bda3082d4373ca7749231c06 figure,\n.gallery-carousel-shortcode.gallery-carousel-shortcode-id-aba32fd6bda3082d4373ca7749231c06 .rollover,\n.gallery-carousel-shortcode.gallery-carousel-shortcode-id-aba32fd6bda3082d4373ca7749231c06 img,\n.gallery-carousel-shortcode.gallery-carousel-shortcode-id-aba32fd6bda3082d4373ca7749231c06 .gallery-rollover {\n  border-radius: 0px;\n}\n.gallery-carousel-shortcode.gallery-carousel-shortcode-id-aba32fd6bda3082d4373ca7749231c06.enable-bg-rollover .gallery-rollover {\n  background: -webkit-linear-gradient();\n  background: linear-gradient();\n}\n.gallery-carousel-shortcode.gallery-carousel-shortcode-id-aba32fd6bda3082d4373ca7749231c06.enable-img-shadow .owl-stage-outer {\n  padding: 14px 0;\n}\n.gallery-carousel-shortcode.gallery-carousel-shortcode-id-aba32fd6bda3082d4373ca7749231c06.enable-bg-rollover.hover-scale figure .rollover:after {\n  background: -webkit-linear-gradient();\n  background: linear-gradient();\n}\n.gallery-carousel-shortcode.gallery-carousel-shortcode-id-aba32fd6bda3082d4373ca7749231c06.gallery-shortcode .gallery-zoom-ico {\n  width: 44px;\n  height: 44px;\n  line-height: 44px;\n  border-radius: 100px;\n  margin: -22px 0 0 -22px;\n  border-width: 0px;\n}\n.dt-icon-bg-on.gallery-carousel-shortcode.gallery-carousel-shortcode-id-aba32fd6bda3082d4373ca7749231c06.gallery-shortcode .gallery-zoom-ico {\n  background: rgba(255,255,255,0.3);\n  box-shadow: none;\n}\n.gallery-carousel-shortcode.gallery-carousel-shortcode-id-aba32fd6bda3082d4373ca7749231c06.gallery-shortcode .gallery-zoom-ico:before,\n.gallery-carousel-shortcode.gallery-carousel-shortcode-id-aba32fd6bda3082d4373ca7749231c06.gallery-shortcode .gallery-zoom-ico span {\n  font-size: 32px;\n  line-height: 44px;\n  color: #ffffff;\n  background: none;\n}<\/style><div class=\"owl-carousel gallery-carousel-shortcode gallery-shortcode  dt-gallery-container dt-owl-carousel-call gallery-carousel-shortcode-id-aba32fd6bda3082d4373ca7749231c06 quick-scale-img enable-bg-rollover meta-info-off dt-arrow-border-on dt-arrow-hover-border-on bullets-small-dot-stroke reposition-arrows dt-icon-bg-off arrows-bg-on disable-arrows-hover-bg arrows-hover-bg-on  hover-fade \" data-scroll-mode=\"1\" data-col-num=\"6\" data-wide-col-num=\"6\" data-laptop-col=\"5\" data-h-tablet-columns-num=\"4\" data-v-tablet-columns-num=\"3\" data-phone-columns-num=\"1\" data-col-gap=\"10\" data-stage-padding=\"0\" data-speed=\"600\" data-autoplay=\"false\" data-autoplay_speed=\"6000\" data-arrows=\"true\" data-bullet=\"false\" data-next-icon=\"icon-ar-017-r\" data-prev-icon=\"icon-ar-017-l\" data-img-shadow-size=\"12px\" data-img-shadow-spread=\"3px\"><div data-post-id=\"5103\" data-date=\"2019-02-08T15:24:23+00:00\" data-name=\"DSC01504\"><figure class=\"post\"><a href=\"https:\/\/oliveirobra.pt\/wp-content\/uploads\/2018\/11\/DSC01504.jpg\" class=\"rollover dt-pswp-item layzr-bg\" data-large_image_width=\"1600\" data-large_image_height=\"1200\" data-dt-img-description=\"\" title=\"DSC01504\"><img fetchpriority=\"high\" decoding=\"async\" class=\"preload-me owl-lazy-load aspect\" src=\"data:image\/svg+xml,%3Csvg%20xmlns%3D&#39;http%3A%2F%2Fwww.w3.org%2F2000%2Fsvg&#39;%20viewBox%3D&#39;0%200%201200%201200&#39;%2F%3E\" data-src=\"https:\/\/oliveirobra.pt\/wp-content\/uploads\/2018\/11\/DSC01504-1200x1200.jpg\" data-srcset=\"https:\/\/oliveirobra.pt\/wp-content\/uploads\/2018\/11\/DSC01504-1200x1200.jpg 1200w\" loading=\"eager\" style=\"--ratio: 1200 \/ 1200\" sizes=\"(max-width: 1200px) 100vw, 1200px\" alt=\"\" width=\"1200\" height=\"1200\"  \/><span class=\"gallery-rollover\"><span class=\"gallery-zoom-ico icomoon-the7-font-the7-zoom-06\"><span><\/span><\/span><\/span><\/a><\/figure><\/div><div data-post-id=\"3653\" data-date=\"2018-11-14T10:01:52+00:00\" data-name=\"Escrit\u00f3rios 300 m2, Vergeze\"><figure class=\"post\"><a href=\"https:\/\/oliveirobra.pt\/wp-content\/uploads\/2018\/11\/4-7.jpg\" class=\"rollover dt-pswp-item layzr-bg\" data-large_image_width=\"2254\" data-large_image_height=\"2780\" data-dt-img-description=\"\" title=\"Escrit\u00f3rios 300 m2, Vergeze\"><img decoding=\"async\" class=\"preload-me owl-lazy-load aspect\" src=\"data:image\/svg+xml,%3Csvg%20xmlns%3D&#39;http%3A%2F%2Fwww.w3.org%2F2000%2Fsvg&#39;%20viewBox%3D&#39;0%200%202254%202254&#39;%2F%3E\" data-src=\"https:\/\/oliveirobra.pt\/wp-content\/uploads\/2018\/11\/4-7-2254x2254.jpg\" data-srcset=\"https:\/\/oliveirobra.pt\/wp-content\/uploads\/2018\/11\/4-7-2254x2254.jpg 2254w\" loading=\"eager\" style=\"--ratio: 2254 \/ 2254\" sizes=\"(max-width: 2254px) 100vw, 2254px\" alt=\"\" width=\"2254\" height=\"2254\"  \/><span class=\"gallery-rollover\"><span class=\"gallery-zoom-ico icomoon-the7-font-the7-zoom-06\"><span><\/span><\/span><\/span><\/a><\/figure><\/div><div data-post-id=\"3584\" data-date=\"2018-11-13T17:51:54+00:00\" data-name=\"Pavilh\u00e3o 1050 m2, Braga\"><figure class=\"post\"><a href=\"https:\/\/oliveirobra.pt\/wp-content\/uploads\/2018\/11\/5-3.jpg\" class=\"rollover dt-pswp-item layzr-bg\" data-large_image_width=\"1600\" data-large_image_height=\"777\" data-dt-img-description=\"\" title=\"Pavilh\u00e3o 1050 m2, Braga\"><img decoding=\"async\" class=\"preload-me owl-lazy-load aspect\" src=\"data:image\/svg+xml,%3Csvg%20xmlns%3D&#39;http%3A%2F%2Fwww.w3.org%2F2000%2Fsvg&#39;%20viewBox%3D&#39;0%200%20777%20777&#39;%2F%3E\" data-src=\"https:\/\/oliveirobra.pt\/wp-content\/uploads\/2018\/11\/5-3-777x777.jpg\" data-srcset=\"https:\/\/oliveirobra.pt\/wp-content\/uploads\/2018\/11\/5-3-777x777.jpg 777w\" loading=\"eager\" style=\"--ratio: 777 \/ 777\" sizes=\"(max-width: 777px) 100vw, 777px\" alt=\"\" width=\"777\" height=\"777\"  \/><span class=\"gallery-rollover\"><span class=\"gallery-zoom-ico icomoon-the7-font-the7-zoom-06\"><span><\/span><\/span><\/span><\/a><\/figure><\/div><div data-post-id=\"3416\" data-date=\"2018-11-13T13:45:53+00:00\" data-name=\"Escrit\u00f3rios 720 m2, Nimes\"><figure class=\"post\"><a href=\"https:\/\/oliveirobra.pt\/wp-content\/uploads\/2018\/11\/13_censored.jpg\" class=\"rollover dt-pswp-item layzr-bg\" data-large_image_width=\"2048\" data-large_image_height=\"1459\" data-dt-img-description=\"\" title=\"Escrit\u00f3rios 720 m2, Nimes\"><img decoding=\"async\" class=\"preload-me owl-lazy-load aspect\" src=\"data:image\/svg+xml,%3Csvg%20xmlns%3D&#39;http%3A%2F%2Fwww.w3.org%2F2000%2Fsvg&#39;%20viewBox%3D&#39;0%200%201459%201459&#39;%2F%3E\" data-src=\"https:\/\/oliveirobra.pt\/wp-content\/uploads\/2018\/11\/13_censored-1459x1459.jpg\" data-srcset=\"https:\/\/oliveirobra.pt\/wp-content\/uploads\/2018\/11\/13_censored-1459x1459.jpg 1459w\" loading=\"eager\" style=\"--ratio: 1459 \/ 1459\" sizes=\"(max-width: 1459px) 100vw, 1459px\" alt=\"\" width=\"1459\" height=\"1459\"  \/><span class=\"gallery-rollover\"><span class=\"gallery-zoom-ico icomoon-the7-font-the7-zoom-06\"><span><\/span><\/span><\/span><\/a><\/figure><\/div><div data-post-id=\"3290\" data-date=\"2018-05-31T17:32:20+00:00\" data-name=\"20171107_121825\"><figure class=\"post\"><a href=\"https:\/\/oliveirobra.pt\/wp-content\/uploads\/2018\/05\/20171107_121825.jpg\" class=\"rollover dt-pswp-item layzr-bg\" data-large_image_width=\"1920\" data-large_image_height=\"1280\" data-dt-img-description=\"\" title=\"20171107_121825\"><img decoding=\"async\" class=\"preload-me owl-lazy-load aspect\" src=\"data:image\/svg+xml,%3Csvg%20xmlns%3D&#39;http%3A%2F%2Fwww.w3.org%2F2000%2Fsvg&#39;%20viewBox%3D&#39;0%200%201280%201280&#39;%2F%3E\" data-src=\"https:\/\/oliveirobra.pt\/wp-content\/uploads\/2018\/05\/20171107_121825-1280x1280.jpg\" data-srcset=\"https:\/\/oliveirobra.pt\/wp-content\/uploads\/2018\/05\/20171107_121825-1280x1280.jpg 1280w\" loading=\"eager\" style=\"--ratio: 1280 \/ 1280\" sizes=\"(max-width: 1280px) 100vw, 1280px\" alt=\"\" width=\"1280\" height=\"1280\"  \/><span class=\"gallery-rollover\"><span class=\"gallery-zoom-ico icomoon-the7-font-the7-zoom-06\"><span><\/span><\/span><\/span><\/a><\/figure><\/div><div data-post-id=\"3509\" data-date=\"2018-11-13T16:13:20+00:00\" data-name=\"Pavilh\u00e3o 1700 m2, Gilmonde\"><figure class=\"post\"><a href=\"https:\/\/oliveirobra.pt\/wp-content\/uploads\/2018\/11\/5_censored-1.jpg\" class=\"rollover dt-pswp-item layzr-bg\" data-large_image_width=\"2048\" data-large_image_height=\"1536\" data-dt-img-description=\"\" title=\"Pavilh\u00e3o 1700 m2, Gilmonde\"><img decoding=\"async\" class=\"preload-me owl-lazy-load aspect\" src=\"data:image\/svg+xml,%3Csvg%20xmlns%3D&#39;http%3A%2F%2Fwww.w3.org%2F2000%2Fsvg&#39;%20viewBox%3D&#39;0%200%201536%201536&#39;%2F%3E\" data-src=\"https:\/\/oliveirobra.pt\/wp-content\/uploads\/2018\/11\/5_censored-1-1536x1536.jpg\" data-srcset=\"https:\/\/oliveirobra.pt\/wp-content\/uploads\/2018\/11\/5_censored-1-1536x1536.jpg 1536w\" loading=\"eager\" style=\"--ratio: 1536 \/ 1536\" sizes=\"(max-width: 1536px) 100vw, 1536px\" alt=\"\" width=\"1536\" height=\"1536\"  \/><span class=\"gallery-rollover\"><span class=\"gallery-zoom-ico icomoon-the7-font-the7-zoom-06\"><span><\/span><\/span><\/span><\/a><\/figure><\/div><div data-post-id=\"3776\" data-date=\"2018-11-14T13:40:55+00:00\" data-name=\"Pavilh\u00e3o 3870 m2, Ponte de Lima\"><figure class=\"post\"><a href=\"https:\/\/oliveirobra.pt\/wp-content\/uploads\/2018\/11\/9-3.jpg\" class=\"rollover dt-pswp-item layzr-bg\" data-large_image_width=\"3328\" data-large_image_height=\"1872\" data-dt-img-description=\"\" title=\"Pavilh\u00e3o 3870 m2, Ponte de Lima\"><img decoding=\"async\" class=\"preload-me owl-lazy-load aspect\" src=\"data:image\/svg+xml,%3Csvg%20xmlns%3D&#39;http%3A%2F%2Fwww.w3.org%2F2000%2Fsvg&#39;%20viewBox%3D&#39;0%200%201872%201872&#39;%2F%3E\" data-src=\"https:\/\/oliveirobra.pt\/wp-content\/uploads\/2018\/11\/9-3-1872x1872.jpg\" data-srcset=\"https:\/\/oliveirobra.pt\/wp-content\/uploads\/2018\/11\/9-3-1872x1872.jpg 1872w\" loading=\"eager\" style=\"--ratio: 1872 \/ 1872\" sizes=\"(max-width: 1872px) 100vw, 1872px\" alt=\"\" width=\"1872\" height=\"1872\"  \/><span class=\"gallery-rollover\"><span class=\"gallery-zoom-ico icomoon-the7-font-the7-zoom-06\"><span><\/span><\/span><\/span><\/a><\/figure><\/div><div data-post-id=\"4958\" data-date=\"2019-01-29T17:25:12+00:00\" data-name=\"20181010_145511\"><figure class=\"post\"><a href=\"https:\/\/oliveirobra.pt\/wp-content\/uploads\/2018\/11\/20181010_145511.jpg\" class=\"rollover dt-pswp-item layzr-bg\" data-large_image_width=\"1920\" data-large_image_height=\"1440\" data-dt-img-description=\"\" title=\"20181010_145511\"><img decoding=\"async\" class=\"preload-me owl-lazy-load aspect\" src=\"data:image\/svg+xml,%3Csvg%20xmlns%3D&#39;http%3A%2F%2Fwww.w3.org%2F2000%2Fsvg&#39;%20viewBox%3D&#39;0%200%201440%201440&#39;%2F%3E\" data-src=\"https:\/\/oliveirobra.pt\/wp-content\/uploads\/2018\/11\/20181010_145511-1440x1440.jpg\" data-srcset=\"https:\/\/oliveirobra.pt\/wp-content\/uploads\/2018\/11\/20181010_145511-1440x1440.jpg 1440w\" loading=\"eager\" style=\"--ratio: 1440 \/ 1440\" sizes=\"(max-width: 1440px) 100vw, 1440px\" alt=\"\" width=\"1440\" height=\"1440\"  \/><span class=\"gallery-rollover\"><span class=\"gallery-zoom-ico icomoon-the7-font-the7-zoom-06\"><span><\/span><\/span><\/span><\/a><\/figure><\/div><div data-post-id=\"5061\" data-date=\"2019-02-08T15:11:39+00:00\" data-name=\"DSC01488\"><figure class=\"post\"><a href=\"https:\/\/oliveirobra.pt\/wp-content\/uploads\/2018\/11\/DSC01488-1.jpg\" class=\"rollover dt-pswp-item layzr-bg\" data-large_image_width=\"1600\" data-large_image_height=\"1200\" data-dt-img-description=\"\" title=\"DSC01488\"><img decoding=\"async\" class=\"preload-me owl-lazy-load aspect\" src=\"data:image\/svg+xml,%3Csvg%20xmlns%3D&#39;http%3A%2F%2Fwww.w3.org%2F2000%2Fsvg&#39;%20viewBox%3D&#39;0%200%201200%201200&#39;%2F%3E\" data-src=\"https:\/\/oliveirobra.pt\/wp-content\/uploads\/2018\/11\/DSC01488-1-1200x1200.jpg\" data-srcset=\"https:\/\/oliveirobra.pt\/wp-content\/uploads\/2018\/11\/DSC01488-1-1200x1200.jpg 1200w\" loading=\"eager\" style=\"--ratio: 1200 \/ 1200\" sizes=\"(max-width: 1200px) 100vw, 1200px\" alt=\"\" width=\"1200\" height=\"1200\"  \/><span class=\"gallery-rollover\"><span class=\"gallery-zoom-ico icomoon-the7-font-the7-zoom-06\"><span><\/span><\/span><\/span><\/a><\/figure><\/div><\/div>[\/vc_column][\/vc_row]<\/p>\n<\/div>","protected":false},"excerpt":{"rendered":"<p>[vc_row][vc_column][vc_column_text css_animation=\u00a0\u00bbfadeInUp\u00a0\u00bb]Nous faisons des rev\u00eatements m\u00e9talliques sur les fa\u00e7ades des b\u00e2timents industriels, commerciaux et r\u00e9sidentiels selon un \u00e9ventail d\u2019options qui passent par le panneau, la plaque de profil, le type de stackbond, entre autres.[\/vc_column_text][\/vc_column][\/vc_row][vc_row][vc_column][\/vc_column][\/vc_row]<\/p>\n","protected":false},"author":1,"featured_media":0,"parent":0,"menu_order":0,"comment_status":"closed","ping_status":"closed","template":"","meta":{"footnotes":""},"class_list":["post-4433","page","type-page","status-publish","hentry","description-off"],"_links":{"self":[{"href":"https:\/\/oliveirobra.pt\/fr\/wp-json\/wp\/v2\/pages\/4433","targetHints":{"allow":["GET"]}}],"collection":[{"href":"https:\/\/oliveirobra.pt\/fr\/wp-json\/wp\/v2\/pages"}],"about":[{"href":"https:\/\/oliveirobra.pt\/fr\/wp-json\/wp\/v2\/types\/page"}],"author":[{"embeddable":true,"href":"https:\/\/oliveirobra.pt\/fr\/wp-json\/wp\/v2\/users\/1"}],"replies":[{"embeddable":true,"href":"https:\/\/oliveirobra.pt\/fr\/wp-json\/wp\/v2\/comments?post=4433"}],"version-history":[{"count":0,"href":"https:\/\/oliveirobra.pt\/fr\/wp-json\/wp\/v2\/pages\/4433\/revisions"}],"wp:attachment":[{"href":"https:\/\/oliveirobra.pt\/fr\/wp-json\/wp\/v2\/media?parent=4433"}],"curies":[{"name":"wp","href":"https:\/\/api.w.org\/{rel}","templated":true}]}}