{"id":4437,"date":"2018-05-30T11:02:24","date_gmt":"2018-05-30T11:02:24","guid":{"rendered":"http:\/\/oliveirobra.dotpro.pt\/novo\/politique-de-qualite\/"},"modified":"2019-02-21T18:07:43","modified_gmt":"2019-02-21T18:07:43","slug":"politique-de-qualite","status":"publish","type":"page","link":"https:\/\/oliveirobra.pt\/fr\/politique-de-qualite\/","title":{"rendered":"Politique de qualit\u00e9"},"content":{"rendered":"<div class=\"wpb-content-wrapper\"><p>[vc_row][vc_column width=\u00a0\u00bb1\/6&Prime;][vc_single_image image=\u00a0\u00bb41&Prime; img_size=\u00a0\u00bb200&#215;200&Prime; alignment=\u00a0\u00bbcenter\u00a0\u00bb css_animation=\u00a0\u00bbfadeInUp\u00a0\u00bb][\/vc_column][vc_column width=\u00a0\u00bb5\/6&Prime;][vc_column_text css_animation=\u00a0\u00bbfadeInUp\u00a0\u00bb]Oliveirobra, dans le cadre de la politique de qualit\u00e9 en vigueur dans la soci\u00e9t\u00e9, a pour objectif de fournir des produits de qualit\u00e9 conformes aux besoins des clients, \u00e0 des prix comp\u00e9titifs et dans les d\u00e9lais impartis.<\/p>\n<p>Bas\u00e9 sur le principe d&rsquo;am\u00e9lioration continue, Oliveirobra prend des engagements avec les clients, les processus internes, les fournisseurs et les employ\u00e9s. En ce sens, le souci de la satisfaction et de la loyaut\u00e9 totales de la client\u00e8le, de leur fournir professionnalisme et \u00e9thique, des biens et des services, pose probl\u00e8me, tout en r\u00e9pondant aux exigences convenues conform\u00e9ment \u00e0 la r\u00e9glementation applicable \u00e0 l&rsquo;activit\u00e9.<\/p>\n<p>L\u2019optimisation des processus internes est une pr\u00e9occupation constante en d\u00e9finissant des r\u00e8gles qui d\u00e9montrent le choix de la qualit\u00e9, de l\u2019efficacit\u00e9 et de l\u2019efficience. En ce qui concerne les fournisseurs, l\u2019engagement se concentre sur le d\u00e9veloppement de relations de coop\u00e9ration et de partenariat avec eux, \u00e0 la satisfaction de toutes les parties concern\u00e9es. \u00c0 Oliveirobra, les conditions de s\u00e9curit\u00e9 et d\u2019hygi\u00e8ne sur le lieu de travail sont fondamentales, gr\u00e2ce \u00e0 la disponibilit\u00e9 des moyens n\u00e9cessaires, alli\u00e9s aux comp\u00e9tences, pour assurer syst\u00e9matiquement la qualit\u00e9, l\u2019efficacit\u00e9 et la rentabilit\u00e9.[\/vc_column_text][\/vc_column][\/vc_row]<\/p>\n<\/div>","protected":false},"excerpt":{"rendered":"<p>[vc_row][vc_column width=\u00a0\u00bb1\/6&Prime;][vc_single_image image=\u00a0\u00bb41&Prime; img_size=\u00a0\u00bb200&#215;200&Prime; alignment=\u00a0\u00bbcenter\u00a0\u00bb css_animation=\u00a0\u00bbfadeInUp\u00a0\u00bb][\/vc_column][vc_column width=\u00a0\u00bb5\/6&Prime;][vc_column_text css_animation=\u00a0\u00bbfadeInUp\u00a0\u00bb]Oliveirobra, dans le cadre de la politique de qualit\u00e9 en vigueur dans la soci\u00e9t\u00e9, a pour objectif de fournir des produits de qualit\u00e9 conformes aux besoins des clients, \u00e0 des prix comp\u00e9titifs et dans les d\u00e9lais impartis. Bas\u00e9 sur le principe d&rsquo;am\u00e9lioration continue, Oliveirobra prend des engagements avec&hellip;<\/p>\n","protected":false},"author":1,"featured_media":0,"parent":0,"menu_order":0,"comment_status":"closed","ping_status":"closed","template":"","meta":{"footnotes":""},"class_list":["post-4437","page","type-page","status-publish","hentry","description-off"],"_links":{"self":[{"href":"https:\/\/oliveirobra.pt\/fr\/wp-json\/wp\/v2\/pages\/4437","targetHints":{"allow":["GET"]}}],"collection":[{"href":"https:\/\/oliveirobra.pt\/fr\/wp-json\/wp\/v2\/pages"}],"about":[{"href":"https:\/\/oliveirobra.pt\/fr\/wp-json\/wp\/v2\/types\/page"}],"author":[{"embeddable":true,"href":"https:\/\/oliveirobra.pt\/fr\/wp-json\/wp\/v2\/users\/1"}],"replies":[{"embeddable":true,"href":"https:\/\/oliveirobra.pt\/fr\/wp-json\/wp\/v2\/comments?post=4437"}],"version-history":[{"count":0,"href":"https:\/\/oliveirobra.pt\/fr\/wp-json\/wp\/v2\/pages\/4437\/revisions"}],"wp:attachment":[{"href":"https:\/\/oliveirobra.pt\/fr\/wp-json\/wp\/v2\/media?parent=4437"}],"curies":[{"name":"wp","href":"https:\/\/api.w.org\/{rel}","templated":true}]}}