{"id":5839,"date":"2018-05-22T13:06:34","date_gmt":"2018-05-22T13:06:34","guid":{"rendered":"http:\/\/oliveirobra.dotpro.pt\/politique-de-confidentialite\/"},"modified":"2018-05-22T13:06:34","modified_gmt":"2018-05-22T13:06:34","slug":"politique-de-confidentialite","status":"publish","type":"page","link":"https:\/\/oliveirobra.pt\/fr\/politique-de-confidentialite\/","title":{"rendered":"Politique de confidentialit\u00e9"},"content":{"rendered":"<p>Le site http:\/\/oliveirobra.pt\/ est la propri\u00e9t\u00e9 exclusive de Oliveirobra &#8211; Constructions m\u00e9talliques Ltd bas\u00e9e \u00e0 barrio de Cima Rue, Lieu Corgas, 1, 4705-369 Cabreiros, Braga &#8211; Portugal, avec le num\u00e9ro d&rsquo;identification fiscale N \u00b0 506 461 807.<\/p>\n<h4> I &#8211; Confidentialit\u00e9 et protection des donn\u00e9es personnelles <\/ h4><br \/>\nLa vie priv\u00e9e et la protection des donn\u00e9es personnelles de tous les clients et les utilisateurs des services fournis par OLIVERIOBRA CONSTRUCTION METALLIQUE, LDA, \u00e0 tout moment, est un aspect essentiel de la fa\u00e7on dont il fonctionne et est organis\u00e9.<br \/>\nLa construction OLIVERIOBRA METALLIC, LDA vise \u00e0 assurer, par cons\u00e9quent, que tous ses clients le savent, chaque fois, les r\u00e8gles et les principes r\u00e9gissant la protection et le traitement des donn\u00e9es personnelles, faire tous les efforts possibles pour assurer la s\u00e9curit\u00e9 de ces donn\u00e9es, selon conform\u00e9ment aux r\u00e8gles et proc\u00e9dures d\u00e9finies dans la l\u00e9gislation applicable, \u00e0 savoir dans la loi sur la protection des donn\u00e9es \u00e0 caract\u00e8re personnel (loi n \u00b0 67\/98 du 26 octobre).<br \/>\nAinsi, l&rsquo;entreprise adopte les meilleures pratiques techniques et organisationnelles pour prot\u00e9ger les donn\u00e9es personnelles des clients contre la perte, l&rsquo;\u00e9limination accidentelle ou illicite et la modification inad\u00e9quate et contre les pannes d&rsquo;int\u00e9grit\u00e9, l&rsquo;acc\u00e8s non autoris\u00e9 ou la divulgation.<br \/>\nSur le site Web OLIVERIOBRA CONSTRU\u00c7\u00d5ES MET\u00c1LICAS, LDA peut trouver des liens d&rsquo;acc\u00e8s \u00e0 d&rsquo;autres sites Web qui ne sont pas li\u00e9s \u00e0 notre soci\u00e9t\u00e9. La fourniture de ces liens est faite de bonne foi, ni la OLIVERIOBRA METALLIC CONSTRUCTION, LDA \u00eatre tenu responsable de la collecte et du traitement des donn\u00e9es personnelles effectu\u00e9es sur ces sites, ni \u00eatre tenue responsable de l&rsquo;exactitude, la fiabilit\u00e9 et la fonctionnalit\u00e9 des sites Web appartenant \u00e0 des tiers. Ainsi, la fourniture de liens vers d&rsquo;autres sites non reli\u00e9s \u00e0 OLIVERIOBRA CONSTRUCTION METALLIQUE, LDA ne comporte aucune prise en charge de la m\u00eame chose et sont donc par cons\u00e9quent pas applicable \u00e0 la pr\u00e9sente Politique de confidentialit\u00e9.<br \/>\nLe OLIVERIOBRA CONSTRUCTION METALLIQUE, LDA recommande \u00e9galement que ses clients \u00e0 adopter de nouvelles mesures de s\u00e9curit\u00e9, y compris la maintenance des \u00e9quipements et des programmes correctement mis \u00e0 jour et configur\u00e9s, l&rsquo;utilisation de la protection contre les logiciels malveillants et pare-feu et des sites Web pour ne naviguez pas sur lesquels aucun a les garanties appropri\u00e9es d&rsquo;authenticit\u00e9.<br \/>\nIl est conseill\u00e9 de lire attentivement la pr\u00e9sente politique de confidentialit\u00e9, la politique d&rsquo;utilisation acceptable (PUA), les conditions g\u00e9n\u00e9rales d&rsquo;utilisation, ainsi que les conditions d&rsquo;utilisation de chacun des services fournis par la soci\u00e9t\u00e9.<br \/>\nCette politique de confidentialit\u00e9 peut \u00e0 tout moment \u00eatre sujette \u00e0 modification ou r\u00e9vision, ces modifications ou r\u00e9visions \u00e9tant d\u00fbment divulgu\u00e9es et communiqu\u00e9es sur le site Web OLIVERIOBRA CONSTRU\u00c7\u00d5ES MET\u00c1LICAS, LDA.<\/p>\n<h4> II &#8211; Quelles sont les donn\u00e9es personnelles <\/ h4><br \/>\nLes donn\u00e9es personnelles sont des informations de toute nature et quel que soit leur support, y compris le son et l&rsquo;image, relatives \u00e0 une personne physique identifi\u00e9e ou identifiable. Toute personne pouvant \u00eatre identifi\u00e9e directement et indirectement, y compris par r\u00e9f\u00e9rence \u00e0 un num\u00e9ro d&rsquo;identification ou \u00e0 un ou plusieurs \u00e9l\u00e9ments sp\u00e9cifiques de son identit\u00e9 physique, physiologique, psychologique, \u00e9conomique, culturelle ou sociale, doit \u00eatre identifiable.<\/p>\n<h4> III &#8211; Responsable de la collecte et du traitement des donn\u00e9es \u00e0 caract\u00e8re personnel <\/ h4><br \/>\nOLIVERIOBRA CONSTRU\u00c7\u00d5ES MET\u00c1LICAS, LDA est responsable de la collecte et du traitement des donn\u00e9es \u00e0 caract\u00e8re personnel des Clients, en vertu de l&rsquo;article d) de l&rsquo;article 3 de la loi n \u00b0 67\/98 du 26 octobre, et il appartient \u00e0 ce dernier de d\u00e9cider dans le cadre de Services \u00e0 la client\u00e8le, quelles donn\u00e9es personnelles sont collect\u00e9es, les moyens de traitement des donn\u00e9es et les finalit\u00e9s pour lesquelles elles sont utilis\u00e9es.<\/p>\n<h4> IV &#8211; Responsabilit\u00e9 pour les donn\u00e9es communiqu\u00e9es \u00e0 des tiers <\/ h4><br \/>\nOLIVERIOBRA CONSTRU\u00c7\u00d5ES MET\u00c1LICAS, LDA peut, dans l&rsquo;exercice de son activit\u00e9 et dans le cadre des services qu&rsquo;elle fournit, sous-traiter \u00e0 des tiers la r\u00e9alisation des objectifs susmentionn\u00e9s ainsi que le d\u00e9veloppement et la gestion de ses services, ce qui peut impliquer l&rsquo;acc\u00e8s de ces entit\u00e9s \u00e0: donn\u00e9es personnelles de ses clients. Lorsque cela se produit, OLIVERIOBRA CONSTRU\u00c7ASES MET\u00c1LICAS, LDA prend les mesures appropri\u00e9es pour que les entit\u00e9s qui auront acc\u00e8s aux donn\u00e9es offrent les garanties techniques, organisationnelles et humaines les plus \u00e9lev\u00e9es \u00e0 ce niveau.<br \/>\nEn cons\u00e9quence, les tierces parties sous-trait\u00e9es par OLIVERIOBRA CONSTRU\u00c7\u00d5ES MET\u00c1LICAS, LDA seront tenues, dans les conditions pr\u00e9vues par la loi et par un accord sign\u00e9 avec la premi\u00e8re, d\u2019appliquer des mesures techniques et organisationnelles appropri\u00e9es pour la protection des donn\u00e9es \u00e0 caract\u00e8re personnel contre les accidents, les accidents ou les accidents. diffusion, alt\u00e9ration, divulgation, acc\u00e8s non autoris\u00e9 et toute autre forme de traitement illicite, ainsi que l\u2019obligation particuli\u00e8re de secret professionnel et de confidentialit\u00e9.<br \/>\nEn dehors de ces cas, OLIVERIOBRA CONSTRU\u00c7\u00d5ES MET\u00c1LICAS, LDA ne transmettra les donn\u00e9es \u00e0 caract\u00e8re personnel de ses clients \u00e0 des tiers, lorsque:<br \/>\na) il est oblig\u00e9 en vertu d&rsquo;une disposition l\u00e9gale et uniquement dans le strict respect de ses obligations ou,<br \/>\nb) dans les cas o\u00f9 la loi le permet express\u00e9ment, si le Client autorise express\u00e9ment et sp\u00e9cifiquement cette transmission et est d\u00fbment inform\u00e9 par \u00e9crit des destinataires des donn\u00e9es \u00e0 caract\u00e8re personnel et des finalit\u00e9s des donn\u00e9es transmises.<br \/>\nEn tout \u00e9tat de cause, OLIVERIOBRA CONSTRU\u00c7\u00d5ES MET\u00c1LICAS, LDA reste responsable des donn\u00e9es personnelles fournies par les clients.<br \/>\nLa fourniture de certains services par OLIVERIOBRA CONSTRU\u00c7\u00d5ES MET\u00c1LICAS, LDA peut impliquer le transfert de vos donn\u00e9es personnelles hors du Portugal. Dans ce cas, la soci\u00e9t\u00e9 d\u00e9clare qu\u2019elle se conformera de mani\u00e8re stricte \u00e0 la d\u00e9termination de l\u2019ad\u00e9quation du pays de destination aux informations relatives \u00e0 la protection des donn\u00e9es personnelles et aux exigences applicables \u00e0 ces transferts, dans les conditions l\u00e9galement \u00e9tablies.<\/p>\n<h4> V &#8211; Conditions de collecte des donn\u00e9es personnelles <\/ h4><br \/>\nOLIVERIOBRA CONSTRU\u00c7\u00d5ES MET\u00c1LICAS, LDA ne collecte et traite les donn\u00e9es \u00e0 caract\u00e8re personnel des clients qu&rsquo;avec le consentement expr\u00e8s de ceux-ci, selon chacun des objectifs sp\u00e9cifiques du traitement en question, dans les conditions pr\u00e9vues par la loi sur la protection des donn\u00e9es \u00e0 caract\u00e8re personnel.<br \/>\nLe consentement fourni par les clients peut \u00eatre retir\u00e9 \u00e0 tout moment et gratuitement.<br \/>\nCependant, certaines donn\u00e9es personnelles sont indispensables \u00e0 la fourniture des Services par OLIVERIOBRA CONSTRU\u00c7\u00d5ES MET\u00c1LICAS, LDA, (donn\u00e9es obligatoires), et les Clients sont d\u00fbment inform\u00e9s au pr\u00e9alable de cette n\u00e9cessit\u00e9 et des cons\u00e9quences de la non-communication de ces donn\u00e9es.<br \/>\nSi OLIVERIOBRA CONSTRU\u00c7\u00d5ES MET\u00c1LICAS, LDA ne peut pas fournir le (s) service (s) souscrit (s), si les donn\u00e9es personnelles, jug\u00e9es indispensables, ne sont pas fournies par les clients ou s\u2019av\u00e8rent insuffisantes, incorrectes ou obsol\u00e8tes, int\u00e9grales et exclusives en raison de l\u2019insuffisance ou de l\u2019inexactitude des donn\u00e9es transmises.<\/p>\n<h4> VI &#8211; P\u00e9riode de conservation des donn\u00e9es \u00e0 caract\u00e8re personnel <\/ h4><br \/>\nOLIVERIOBRA CONSTRU\u00c7\u00d5ES MET\u00c1LICAS, LDA ne conservera les donn\u00e9es \u00e0 caract\u00e8re personnel du Client que pendant la p\u00e9riode strictement n\u00e9cessaire pour permettre:<br \/>\na) la fourniture du ou des services;<br \/>\nb) le respect des obligations l\u00e9gales auxquelles OLIVERIOBRA CONSTRU\u00c7\u00d5ES MET\u00c1LICAS, LDA est attach\u00e9e;<br \/>\nc) la poursuite des objectifs de la collecte et \/ ou du traitement;<br \/>\nd) l&rsquo;exercice des droits du Client et le respect des obligations correspondantes.<br \/>\nDans les cas o\u00f9 la Commission nationale pour la protection des donn\u00e9es \u00e0 caract\u00e8re personnel (CNPD) autorise la conservation des donn\u00e9es \u00e0 caract\u00e8re personnel des clients pour des p\u00e9riodes plus longues que la dur\u00e9e du contrat de service, compte tenu du but sp\u00e9cifique du traitement en question, le client doit \u00eatre ponctuel et d\u00fbment inform\u00e9 de cet objectif et de la p\u00e9riode de conservation en question.<br \/>\nApr\u00e8s la p\u00e9riode de maintenance \/ conservation d\u00e9crite ci-dessus, les donn\u00e9es personnelles des clients seront d\u00e9finitivement supprim\u00e9es par OLIVERIOBRA CONSTRU\u00c7\u00d5ES MET\u00c1LICAS, LDA.<\/p>\n<h4> VI &#8211; Droits des clients en ce qui concerne leurs donn\u00e9es personnelles <\/ h4><br \/>\nConform\u00e9ment aux dispositions de la loi sur la protection des donn\u00e9es \u00e0 caract\u00e8re personnel, le droit d&rsquo;acc\u00e8s, de rectification, de mise \u00e0 jour et de suppression des donn\u00e9es \u00e0 caract\u00e8re personnel est garanti au client, en tant que titulaire des donn\u00e9es \u00e0 caract\u00e8re personnel, et ce gratuitement.<br \/>\nDans tous les cas ci-dessus, le Client peut exercer ses droits l\u00e9gitimes en envoyant une communication \u00e9crite \u00e0 l&rsquo;adresse <a href=\"mailto:geral@oliveirobra.pt\"> geral@oliveirobra.pt <\/a>, adress\u00e9e \u00e0 au responsable de la protection des donn\u00e9es.<\/p>\n<h4> VII &#8211; Communications \u00e9lectroniques non sollicit\u00e9es \u00e0 des fins de marketing direct <\/ h4><br \/>\nLes coordonn\u00e9es du client, qui est une personne physique, peuvent \u00eatre utilis\u00e9es par OLIVERIOBRA CONSTRU\u00c7\u00d5ES MET\u00c1LICAS, LDA, si cette derni\u00e8re l\u2019autorise express\u00e9ment, dans le cadre d\u2019actions de marketing direct et de promotion de services fournis par la soci\u00e9t\u00e9 elle-m\u00eame, conform\u00e9ment aux dispositions de l\u2019article 13 de la Loi. 41\/2004, 18 ao\u00fbt dans la version conf\u00e9r\u00e9e par la loi n \u00b0 46\/2012 du 29 ao\u00fbt.<\/p>\n<p>Dans le cas d&rsquo;un client personne morale, OLIVERIOBRA CONSTRU\u00c7\u00d5ES MET\u00c1LICAS, LDA peut envoyer des communications non sollicit\u00e9es \u00e0 des fins de marketing direct li\u00e9es \u00e0 des biens et services fournis par la soci\u00e9t\u00e9 ou par une soci\u00e9t\u00e9 du m\u00eame groupe, sauf refus explicite du client l\u2019avenir de ce type de communications et de figurer sur la liste nationale des personnes morales ayant express\u00e9ment exprim\u00e9 leur opposition \u00e0 la r\u00e9ception de communications non sollicit\u00e9es \u00e0 des fins de marketing direct que la Direction g\u00e9n\u00e9rale de la consommation (DGC) doit tenir \u00e0 jour.<\/p>\n<p>Dans tous les cas susmentionn\u00e9s, le client a le droit express\u00e9ment et gratuitement, par courrier \u00e9lectronique, d\u2019envoyer par OLIVERIOBRA CONSTRU\u00c7 METES MET\u00c1LICAS, communications \u00e9lectroniques LDA \u00e0 des fins de marketing direct, le client peut ainsi exercer leurs droits l\u00e9gitimes, en envoyant une communication \u00e9crite au contact de courrier \u00e9lectronique <a href=\"mailto:geral@oliveirobra.pt\"> geral@oliveirobra.pt <\/a>, adress\u00e9 au d\u00e9l\u00e9gu\u00e9 \u00e0 la protection des donn\u00e9es.<\/p>\n<h4> VIII &#8211; Politique relative aux cookies <\/ h4><br \/>\nOLIVERIOBRA CONSTRU\u00c7\u00d5ES MET\u00c1LICAS, LDA utilise des cookies sur son site internet pour am\u00e9liorer ses performances et son exp\u00e9rience utilisateur.<\/p>\n<p><strong> Qu&rsquo;est-ce qu&rsquo;un cookie? <\/ strong><\/p>\n<p>Un cookie est un petit fichier texte plac\u00e9 par un site sur votre ordinateur, votre t\u00e9l\u00e9phone ou tout autre appareil dot\u00e9 d&rsquo;un acc\u00e8s \u00e0 Internet, contenant des informations sur votre navigation sur ce site. Les cookies sont utilis\u00e9s pour rendre la navigation plus facile et plus simple et ne pas endommager votre ordinateur.<\/p>\n<p><strong> \u00c0 quoi servent les cookies sur ce site? <\/ strong><\/p>\n<p>Nos cookies ont diff\u00e9rentes fonctions:<\/p>\n<p>&#8211; <strong> Cookies essentiels <\/ strong>: certains cookies sont indispensables pour acc\u00e9der \u00e0 des zones sp\u00e9cifiques de notre site. Permet la navigation sur le site et l&rsquo;utilisation de vos applications, telles que l&rsquo;acc\u00e8s \u00e0 des zones s\u00e9curis\u00e9es du site par le biais d&rsquo;une connexion. Sans ces cookies, les services qui en ont besoin ne peuvent pas \u00eatre fournis.<\/p>\n<p>&#8211; Cookies analytiques: nous utilisons ces cookies pour analyser la mani\u00e8re dont les utilisateurs utilisent le site et en surveiller les performances. Cela nous permet de fournir une exp\u00e9rience de haute qualit\u00e9 en personnalisant notre offre et en identifiant et en corrigeant rapidement les probl\u00e8mes \u00e9ventuels. Par exemple, nous utilisons des cookies de performance pour d\u00e9terminer quelles pages sont les plus populaires, quelle m\u00e9thode de liaison entre les pages est la plus efficace ou pour d\u00e9terminer pourquoi certaines pages re\u00e7oivent des messages d&rsquo;erreur. En fonction de l&rsquo;utilisation du site, nous pouvons \u00e9galement utiliser ces cookies pour mettre en \u00e9vidence des articles ou des services du site qui, selon nous, int\u00e9ressent les utilisateurs. Ces cookies sont utilis\u00e9s uniquement \u00e0 des fins de cr\u00e9ation et d&rsquo;analyse statistiques, sans jamais collecter d&rsquo;informations personnelles.<\/p>\n<p>&#8211; <strong> Cookies fonctionnels <\/ strong>: nous utilisons des cookies de fonctionnalit\u00e9 pour nous permettre de m\u00e9moriser vos pr\u00e9f\u00e9rences. Par exemple, les cookies \u00e9vitent de saisir le nom de l&rsquo;utilisateur chaque fois que celui-ci acc\u00e8de au site.<\/p>\n<p>En un mot, les cookies de fonctionnalit\u00e9 enregistrent vos pr\u00e9f\u00e9rences pour l&rsquo;utilisation de votre site. Vous n&rsquo;avez donc pas besoin de reconfigurer le site \u00e0 chaque visite.<\/p>\n<p><strong> Les cookies utilis\u00e9s peuvent \u00eatre: <\/ strong><\/p>\n<p>&#8211; <strong> Cookies permanents <\/ strong>: ils sont stock\u00e9s au niveau du navigateur dans leurs dispositifs d&rsquo;acc\u00e8s (ordinateur, mobile et tablette) et sont utilis\u00e9s chaque fois que l&rsquo;utilisateur revisite le site. Ils servent g\u00e9n\u00e9ralement \u00e0 diriger la navigation en fonction des int\u00e9r\u00eats de l&rsquo;utilisateur, ce qui nous permet de fournir un service plus personnalis\u00e9.<\/p>\n<p>&#8211; <strong> Cookies de session <\/ strong>: ils sont temporaires et restent dans les cookies de votre navigateur jusqu&rsquo;\u00e0 votre sortie du site. Les informations obtenues vous permettent d&rsquo;identifier les probl\u00e8mes et de fournir une meilleure exp\u00e9rience de navigation.<\/p>\n<p><strong> Est-il possible de d\u00e9sactiver l&rsquo;utilisation de cookies? <\/ strong><\/p>\n<p>Oui, les cookies peuvent \u00eatre d\u00e9sactiv\u00e9s dans votre navigateur. Veuillez toutefois noter qu&rsquo;en d\u00e9sactivant les cookies, vous pouvez emp\u00eacher certains services Web de fonctionner correctement en affectant partiellement ou totalement la navigation de votre site Web.<\/p>\n<p>Si vous souhaitez bloquer ou supprimer les cookies de ce site, vous pouvez le faire en modifiant les param\u00e8tres de votre navigateur. Bien que le param\u00e9trage de chacun soit diff\u00e9rent, il est courant de le configurer dans le menu \u00ab\u00a0Pr\u00e9f\u00e9rences\u00a0\u00bb ou \u00ab\u00a0Outils\u00a0\u00bb. Pour plus de d\u00e9tails sur la configuration des cookies, voir le menu \u00ab\u00a0Aide\u00a0\u00bb de votre navigateur.<\/p>\n<h4> IX &#8211; Mesures de s\u00e9curit\u00e9 adopt\u00e9es pour la protection des donn\u00e9es \u00e0 caract\u00e8re personnel <\/ h4><br \/>\nOLIVERIOBRA CONSTRU\u00c7\u00d5ES MET\u00c1LICAS, LDA dispose, dans sa structure organisationnelle, d&rsquo;un d\u00e9l\u00e9gu\u00e9 \u00e0 la protection des donn\u00e9es, qui assume la responsabilit\u00e9 de l&rsquo;ex\u00e9cution et du respect des r\u00e8gles l\u00e9gales et r\u00e9glementaires applicables en mati\u00e8re de traitement des donn\u00e9es \u00e0 caract\u00e8re personnel. est notamment responsable du maintien et du d\u00e9veloppement de la politique de s\u00e9curit\u00e9, de la confidentialit\u00e9, de la confidentialit\u00e9 et de la protection des donn\u00e9es \u00e0 caract\u00e8re personnel.<\/p>\n<h4> X &#8211; Mesures de proc\u00e9dure et techniques de s\u00e9curit\u00e9 <\/ h4><br \/>\nOLIVERIOBRA CONSTRU\u00c7\u00d5ES MET\u00c1LICAS, LDA applique les mesures techniques et organisationnelles n\u00e9cessaires pour garantir que, par d\u00e9faut, seules les donn\u00e9es \u00e0 caract\u00e8re personnel des Clients requises pour chaque objectif sp\u00e9cifique du traitement soient trait\u00e9es et mises \u00e0 jour p\u00e9riodiquement par le service responsable.<br \/>\nOLIVERIOBRA CONSTRU\u00c7\u00d5ES MET\u00c1LICAS, LDA a \u00e9galement mis en place des mesures techniques, physiques, organisationnelles et de s\u00e9curit\u00e9 ad\u00e9quates et ad\u00e9quates pour prot\u00e9ger les donn\u00e9es \u00e0 caract\u00e8re personnel contre la destruction accidentelle ou illicite, la perte accidentelle, la modification, la divulgation et l&rsquo;acc\u00e8s non autoris\u00e9. et contre toute autre forme de traitement illicite.<br \/>\nOLIVERIOBRA CONSTRU\u00c7\u00d5ES MET\u00c1LICAS, LDA a adopt\u00e9 diff\u00e9rents m\u00e9canismes et proc\u00e9dures de s\u00e9curit\u00e9, en respectant les meilleures pratiques en mati\u00e8re de s\u00e9curit\u00e9 de l\u2019information dans les syst\u00e8mes qui supportent les services qu\u2019il fournit et qui conservent les donn\u00e9es proc\u00e9durales du client, \u00e0 savoir l\u2019utilisation de pare-feu et syst\u00e8mes de d\u00e9tection d&rsquo;intrusion, acc\u00e8s physique et logique restreint &#8211; journalisation et surveillance et audit, collecte et transmission de donn\u00e9es \u00e0 caract\u00e8re personnel par des moyens s\u00e9curis\u00e9s.<br \/>\nLes donn\u00e9es \u00e0 caract\u00e8re personnel collect\u00e9es par OLIVERIOBRA CONSTRU\u00c7\u00d5ES MET\u00c1LICAS, LDA sont stock\u00e9es en toute s\u00e9curit\u00e9 dans les syst\u00e8mes de cette soci\u00e9t\u00e9, eux-m\u00eames situ\u00e9s dans un centre de donn\u00e9es de la soci\u00e9t\u00e9 elle-m\u00eame, sous le couvert de toutes les mesures de s\u00e9curit\u00e9 physiques et logiques indispensables \u00e0 la protection des donn\u00e9es \u00e0 caract\u00e8re personnel.<br \/>\nOLIVERIOBRA CONSTRU\u00c7\u00d5ES MET\u00c1LICAS, LDA sera responsable des donn\u00e9es personnelles en question et garantira que:<br \/>\na) le partage d&rsquo;informations personnelles ob\u00e9it aux normes l\u00e9gales en vigueur;<br \/>\nb) la transmission est effectu\u00e9e en toute s\u00e9curit\u00e9, notamment au moyen de protocoles de cryptage et,<br \/>\nc) Les tiers sont contractuellement tenus de respecter les obligations de confidentialit\u00e9 et de secret et de garantir la s\u00e9curit\u00e9 des donn\u00e9es \u00e0 caract\u00e8re personnel qui leur sont communiqu\u00e9es \u00e0 cet effet, et ne peuvent utiliser ces donn\u00e9es \u00e0 d&rsquo;autres fins, pour leur propre b\u00e9n\u00e9fice ou pour des tiers, ni les corr\u00e9ler avec d&rsquo;autres donn\u00e9es qui sont dans leur disponibilit\u00e9.<\/p>\n<h4> XI &#8211; Contacts <\/ h4><br \/>\nPour plus d&rsquo;informations sur la mani\u00e8re dont OLIVERIOBRA CONSTRU\u00c7\u00d5ES MET\u00c1LICAS, LDA traite \/ traite les donn\u00e9es personnelles de vos clients ou pour clarifier des doutes, d\u00e9poser une plainte ou laisser des commentaires sur des questions relatives \u00e0 la confidentialit\u00e9 et \u00e0 la protection des donn\u00e9es personnelles, vous devez envoyer votre communications \u00e0:<\/p>\n<p>D\u00e9l\u00e9gu\u00e9 \u00e0 la protection des donn\u00e9es &#8211; \u00ab\u00a0d\u00e9l\u00e9gu\u00e9 \u00e0 la protection des donn\u00e9es\u00a0\u00bb<\/p>\n<p>Rua do B\u00e1rrio de Cima, Place de Corgas, N\u00ba 1<br \/>\n4705-369 Cabreiros<br \/>\nBraga &#8211; Portugal<br \/>\nT. +351 253 090 980<br \/>\n<a href=\"mailto:geral@oliveirobra.pt\"> geral@oliveirobra.pt <\/a><\/p>\n","protected":false},"excerpt":{"rendered":"<p>Le site http:\/\/oliveirobra.pt\/ est la propri\u00e9t\u00e9 exclusive de Oliveirobra &#8211; Constructions m\u00e9talliques Ltd bas\u00e9e \u00e0 barrio de Cima Rue, Lieu Corgas, 1, 4705-369 Cabreiros, Braga &#8211; Portugal, avec le num\u00e9ro d&rsquo;identification fiscale N \u00b0 506 461 807. I &#8211; Confidentialit\u00e9 et protection des donn\u00e9es personnelles La vie priv\u00e9e et la protection des donn\u00e9es personnelles de&hellip;<\/p>\n","protected":false},"author":1,"featured_media":0,"parent":0,"menu_order":0,"comment_status":"closed","ping_status":"closed","template":"","meta":{"footnotes":""},"class_list":["post-5839","page","type-page","status-publish","hentry","description-off"],"_links":{"self":[{"href":"https:\/\/oliveirobra.pt\/fr\/wp-json\/wp\/v2\/pages\/5839","targetHints":{"allow":["GET"]}}],"collection":[{"href":"https:\/\/oliveirobra.pt\/fr\/wp-json\/wp\/v2\/pages"}],"about":[{"href":"https:\/\/oliveirobra.pt\/fr\/wp-json\/wp\/v2\/types\/page"}],"author":[{"embeddable":true,"href":"https:\/\/oliveirobra.pt\/fr\/wp-json\/wp\/v2\/users\/1"}],"replies":[{"embeddable":true,"href":"https:\/\/oliveirobra.pt\/fr\/wp-json\/wp\/v2\/comments?post=5839"}],"version-history":[{"count":0,"href":"https:\/\/oliveirobra.pt\/fr\/wp-json\/wp\/v2\/pages\/5839\/revisions"}],"wp:attachment":[{"href":"https:\/\/oliveirobra.pt\/fr\/wp-json\/wp\/v2\/media?parent=5839"}],"curies":[{"name":"wp","href":"https:\/\/api.w.org\/{rel}","templated":true}]}}